{"id":8441,"date":"2020-11-05T15:10:22","date_gmt":"2020-11-05T14:10:22","guid":{"rendered":"https:\/\/eeclectic.de\/?page_id=8441"},"modified":"2026-02-18T13:52:34","modified_gmt":"2026-02-18T12:52:34","slug":"presse","status":"publish","type":"page","link":"https:\/\/eeclectic.de\/en\/presse\/","title":{"rendered":"Press"},"content":{"rendered":"<p class=\"qtranxs-available-languages-message qtranxs-available-languages-message-en\"> <\/p><p>Presseanfragen bitte an <a href=\"mailto:contact@eeclectic.de\">contact(at)eeclectic.de.\u00a0<\/a>Sie k\u00f6nnen die Coverabbildungen der Webseite gerne verwenden, alles weitere Bildmaterial ist m\u00f6glicherweise urheberrechtlich gesch\u00fctzt \u2013 fragen Sie gerne bei uns an.<\/p>\n<p>Press request to <a href=\"mailto:contact@eeclectic.de\">contact(at)eeclectic.de. <\/a><br \/>\nPlease feel free to use the cover images on this website, for any further material please get in touch.<\/p>\n<h3>Pressemitteilungen \/ press releases<\/h3>\n<p>Downloads<\/p>\n<p><a href=\"https:\/\/eeclectic.de\/wp-content\/uploads\/2025\/04\/ee-pm-2025-in-leder-kaethe-kruse-deen-1.pdf\" target=\"_blank\" rel=\"noopener\">In Leder<\/a>, K\u00e4the Kruse DE \/ EN 04\/2025<\/p>\n<p>Scriptings: Political Scenarios, <a href=\"https:\/\/eeclectic.de\/wp-content\/uploads\/2025\/03\/ee-pm-2025-ps-esther-buss-aus-der-ersten-person.pdf\" target=\"_blank\" rel=\"noopener\">Aus der ersten Person<\/a>, Esther Buss, Hg. Achim Lengerer 02\/2025<\/p>\n<p>Scriptings: Political Scenarios, <a href=\"https:\/\/eeclectic.de\/wp-content\/uploads\/2025\/01\/ee-pm-2024-ps-i-speak-radio-de-en.pdf\" target=\"_blank\" rel=\"noopener\">I Speak Radio<\/a>, Anna Bromley, Hg. Achim Lengerer, Hg. Michael Fesca DE \/ EN 06\/2024<\/p>\n<p><a href=\"https:\/\/eeclectic.de\/wp-content\/uploads\/2024\/04\/ee-pm-2024-cultural-studies-for-troubling-times-de-en.pdf\" target=\"_blank\" rel=\"noopener\">Cultural Studies for Troubling Times. A Multimodal Introduction to British and American Cultures<\/a>, Hg. Christian Huck DE \/ EN 04\/2024<\/p>\n<p>Berliner Hefte zu Geschichte und Gegenwart der Stadt #10: <a href=\"https:\/\/eeclectic.de\/wp-content\/uploads\/2024\/04\/ee-pm-2024-bh10-spielclub-kinder-stadt-geld.pdf\" target=\"_blank\" rel=\"noopener\">Spielclub. Kinder Stadt Geld<\/a>, Valeria Fahrenkrog,\u00a0Claudia Hummel,\u00a0Katharina von Hagenow 01\/2024<\/p>\n<p><a href=\"https:\/\/eeclectic.de\/wp-content\/uploads\/2024\/04\/ee-pm-2023-the-scream-of-the-strawbear-de-en.pdf\" target=\"_blank\" rel=\"noopener\">The Scream of the Strawbear<\/a>, Matthew Cowan DE \/ EN 09\/2023<\/p>\n<p><a href=\"https:\/\/eeclectic.de\/wp-content\/uploads\/2024\/04\/ee-pm-2023-cold-lens-as-a-filter-de-en.pdf\">Cold Lens as a Filter<\/a>, Jana Mu\u0308ller DE \/ EN 05\/2023<\/p>\n<p><a href=\"\/wp-content\/uploads\/2023\/05\/ee-pm-2023-verplaatst-annette-kisling.pdf\">Verplaatst,<\/a> Annette Kisling DE \/ EN 04\/2023<\/p>\n<p>Berlin Journals \u2013 On the History and Present State of the City #11: <a href=\"https:\/\/eeclectic.de\/wp-content\/uploads\/2024\/04\/ee-pm-2023-bh11-en-x-properties.pdf\" target=\"_blank\" rel=\"noopener\">X Properties<\/a> (English edition), Hg. Joerg Franzbecker, Naomi Hennig, Florian W\u00fcst EN \/ DE 03\/2023<\/p>\n<p><a href=\"https:\/\/eeclectic.de\/wp-content\/uploads\/2024\/04\/ee-pm-2022-menschsein-spielen.pdf\" target=\"_blank\" rel=\"noopener\">Menschsein spielen<\/a>,\u00a0Sylvie Boisseau und Frank Westermeyer, David Zerbib 11\/2022<\/p>\n<p>Berliner Hefte zu Geschichte und Gegenwart der Stadt #11. <a href=\"https:\/\/eeclectic.de\/wp-content\/uploads\/2022\/10\/ee-pressrelease-2022-bh11-x-properties.pdf\" target=\"_blank\" rel=\"noopener\">X Properties,<\/a> Hg. Joerg Franzbecker, Naomi Hennig, Florian W\u00fcst 10\/2022<\/p>\n<p><a href=\"https:\/\/eeclectic.de\/wp-content\/uploads\/2022\/10\/ee-pressrelease-2022-eine-flexible-frau.pdf\" target=\"_blank\" rel=\"noopener\">Eine flexible Frau \u2013 Drehbuch und Materialien,<\/a> Tatjana Turanskyj 10\/2022<\/p>\n<p>Berliner Hefte zu Geschichte und Gegenwart der Stadt #9: <a href=\"https:\/\/eeclectic.de\/wp-content\/uploads\/2022\/10\/ee-pressrelease-2022-bh9-am-rande-von-europacity-1.pdf\" target=\"_blank\" rel=\"noopener\">Am Rand von EuropaCity,<\/a> Hg. Yves Mettler, Alexis Hyman Wolff, Achim Lengerer 09\/2022<\/p>\n<p><a href=\"https:\/\/eeclectic.de\/wp-content\/uploads\/2024\/04\/ee-pm-2021-economic-words-de-en.pdf\" target=\"_blank\" rel=\"noopener\">economic words<\/a><a href=\"https:\/\/eeclectic.de\/wp-content\/uploads\/2021\/10\/ee-pressrelease-2021-economic-words.pdf\" target=\"_blank\" rel=\"noopener noreferrer\">,<\/a> Anke Becker DE \/ EN 10\/2021<\/p>\n<p>Scriptings: Political Scenarios,<a href=\"https:\/\/eeclectic.de\/wp-content\/uploads\/2021\/10\/ee-pressrelease-2021-ps-helke-sander-i-like-chaos.pdf\" target=\"_blank\" rel=\"noopener noreferrer\"> Helke Sander: I like chaos, but I don\u2019t know, whether chaos likes me<\/a> 10\/2021<\/p>\n<p>Berliner Hefte zu Geschichte und Gegenwart der Stadt #2: <a href=\"https:\/\/eeclectic.de\/wp-content\/uploads\/2021\/10\/ee-pressrelease-2021-bh2-die-legende-vom-sozialen-wohnungsbau.pdf\" target=\"_blank\" rel=\"noopener noreferrer\">Die Legende vom Sozialen Wohnungsbau<\/a> 06\/2021<\/p>\n<p><a href=\"https:\/\/eeclectic.de\/wp-content\/uploads\/2021\/10\/ee-pressrelease-2021-fix-my-code.pdf\" target=\"_blank\" rel=\"noopener noreferrer\">Fix My Code,<\/a> Cornelia Sollfrank, Winnie Soon EN 01\/2021<\/p>\n<p><a href=\"https:\/\/eeclectic.de\/wp-content\/uploads\/2021\/10\/ee-pressrelease-2021-never-mind-the-nineties.pdf\" target=\"_blank\" rel=\"noopener noreferrer\">Never Mind the Nineties<\/a>, Knut Ebeling,\u00a0Annette Maechtel,\u00a0Heimo Lattner 04\/2021<\/p>\n<h3>Presseberichte \/ press reviews<\/h3>\n<p><a href=\"https:\/\/eeclectic.de\/produkt\/birds-printed\/\">Birds<\/a>, Johanna Thompson<br \/>\nBuch Rezension von Frank Castenholz<br \/>\n<a href=\"https:\/\/www.weirdmagazin.de\/birds-von-johanna-thompson\/\" target=\"_blank\" rel=\"noopener\">WEIRD Magazine<\/a>, 18.2.2026<\/p>\n<p>Scriptings: Political Scenarios<br \/>\n<a href=\"https:\/\/eeclectic.de\/produkt\/aus-der-ersten-person\/\" target=\"_blank\" rel=\"noopener\">Aus der ersten Person<\/a>, Esther Buss<br \/>\nBuch Rezension, Ich-Filme<br \/>\n<a href=\"https:\/\/www.filmbulletin.ch\/kurzbelichtet\">Filmbulletin<\/a>, 17.9.2025<\/p>\n<p>Scriptings: Political Scenarios<br \/>\n<a href=\"https:\/\/eeclectic.de\/produkt\/i-speak-radio\/\">I Speak Radio<\/a>, Anna Bromley<br \/>\nConversation between Anna Bromley and Caterina Gobbi<br \/>\n<a href=\"https:\/\/www.highpitchmagazine.com\/issues\/issue-01\/anna-bromley-listening-nearby\" target=\"_blank\" rel=\"noopener\">Highpitch Magazine<\/a>, 29.10.2024<\/p>\n<p>Buchtipp: Verplaatst<br \/>\nFotografische Beobachtung zur st\u00e4dtebaulichen Ver\u00e4nderung Rotterdams<br \/>\n<a href=\"https:\/\/eeclectic.de\/produkt\/verplaatst\/\">Verplaatst, Rotterdam, Annette Kisling<\/a><br \/>\nDiana Artus<br \/>\n<a href=\"https:\/\/www.baunetz.de\/meldungen\/Meldungen-Fotografische_Beobachtung_zur_staedtebaulichen_Veraenderung_Rotterdams_8246297.html\" target=\"_blank\" rel=\"noopener\">Baunetz<\/a>, 31.5.2023<\/p>\n<p>Aus der Zeit gefallene Orte V: Westberlin III<br \/>\n<a href=\"https:\/\/eeclectic.de\/produkt\/i-like-chaos-but-i-dont-know-whether-chaos-likes-me-texte-aus-frauen-und-film\/\">Helke Sander: I like chaos, but I don\u2019t know whether chaos likes me. Texte aus \u201eFrauen und Film\u201c<\/a><br \/>\nAnna-Lena Wenzel<br \/>\n<a href=\"http:\/\/www.99prozenturban.de\/aus-der-zeit-gefallene-orte-v-westberlin-iii\" target=\"_blank\" rel=\"noopener\">99prozenturban<\/a>, 8.2.2022<\/p>\n<p>Frauen und Film \u2013 Gr\u00fcndung einer Zeitschrift<br \/>\nVon Helke Sander<br \/>\n<a href=\"https:\/\/eeclectic.de\/produkt\/i-like-chaos-but-i-dont-know-whether-chaos-likes-me-texte-aus-frauen-und-film\/\">Helke Sander: I like chaos, but I don\u2019t know whether chaos likes me. Texte aus \u201eFrauen und Film\u201c<\/a><br \/>\n<a href=\"https:\/\/www.cargo-film.de\/buch\/zeitschriften\/frauen-und-film\/\" target=\"_blank\" rel=\"noopener\">cargo<\/a>, 17.1.2022<\/p>\n<p>B\u00fccher zum Verschenken<br \/>\n<a href=\"https:\/\/eeclectic.de\/produkt\/economic-words\/\">Economic Words<\/a>, Anke Becker<br \/>\nThorsten Jantschek<br \/>\n<a href=\"https:\/\/www.deutschlandfunkkultur.de\/economic-words-von-anke-becker-100.html\" target=\"_blank\" rel=\"noopener\">Deutschlandradio Kultur<\/a>, 12.12.2021<\/p>\n<p>Buchtipp: Systemfehler<br \/>\nBerliner Hefte zu Geschichte und Gegenwart der Stadt #2<br \/>\n<a href=\"https:\/\/eeclectic.de\/produkt\/die-legende-vom-sozialen-wohnungsbau\/\">Die Legende vom Sozialen Wohnungsbau<\/a><br \/>\nStephan Becker<br \/>\n<a href=\"https:\/\/www.baunetz.de\/meldungen\/Meldungen-Die_Legende_vom_Sozialen_Wohnungsbau_7761016.html\" target=\"_blank\" rel=\"noopener\">Baunetz<\/a>, 27.10.2021<\/p>\n<p>EECLECTIC<br \/>\n<a href=\"https:\/\/eeclectic.de\/wp-content\/uploads\/2021\/10\/pages-from-taz_2021_03_01.pdf\" target=\"_blank\" rel=\"noopener noreferrer\">Die Kunst sitzt ihr im Nacken<\/a><br \/>\nMichael Freerix<br \/>\ntaz, 1.3.2021<\/p>\n<p>Berliner Hefte zu Geschichte und Gegenwart der Stadt #8<br \/>\n<a href=\"https:\/\/eeclectic.de\/produkt\/duene-wedding\/\">D\u00fcne Wedding<\/a><br \/>\nHistorische Freilegungen und t\u00e4gliche Ged\u00e4chtnisspazierg\u00e4nge<br \/>\nAnna-Lena Wenzel<br \/>\nKultur Mitte Magazin, Oktober 2020<br \/>\n<a href=\"https:\/\/kultur-mitte.de\/magazin\/historische-freilegungen-und-t\u00e4gliche-ged\u00e4chtnisspazierg\u00e4nge\" target=\"_blank\" rel=\"noopener noreferrer\">kultur-mitte.de<\/a><\/p>\n<p>Wilde Mischung und Erinnerungsort par excellence: der Park am Fernsehturm<br \/>\nBerliner Hefte zu Geschichte und Gegenwart der Stadt #3<br \/>\n<a href=\"https:\/\/eeclectic.de\/produkt\/marx-engels-forum-ja\/\">Marx-Engels-Forum \u2013 JA!<\/a><br \/>\nAnna-Lena Wenzel<br \/>\nKultur Mitte Magazin, Juni 2020<br \/>\n<a href=\"https:\/\/kultur-mitte.de\/magazin\/wilde-mischung-und-erinnerungsort-par-excellence-der-park-am-fernsehturm\" target=\"_blank\" rel=\"noopener noreferrer\">kultur-mitte.de<\/a><\/p>\n<p>EECLECTIC<br \/>\nWas wir fragen wollten<br \/>\nNeues, Publikationen<br \/>\nClaudia Gerdes<br \/>\n<a href=\"\/wp-content\/uploads\/2020\/11\/page102019.pdf\">PAGE, Oktober 2019<\/a><\/p>\n<p><a href=\"https:\/\/eeclectic.de\/produkt\/between-you-and-me\/\">Between You and Me<\/a><br \/>\nRezension, E-Book Only<br \/>\nElisabeth Dietz<br \/>\n<a href=\"\/wp-content\/uploads\/2020\/11\/bucc88chermagazin-2019-web.pdf\">B\u00fcchermagazin, April\/Mai 2019<\/a><\/p>\n<p><a href=\"https:\/\/eeclectic.de\/produkt\/wiedersehen-in-tunix\/\">Wiedersehen im Tunix \u2013 ein R\u00fcckblick<\/a><br \/>\nBerliner Hefte zu Geschichte und Gegenwart der Stadt #7<br \/>\nRadio Corax, 19. Dezember 2018<br \/>\nL\u00e4nge: 18:44 min<br \/>\n<a href=\"https:\/\/radiocorax.de\/wiedersehen-im-tunix-ein-rueckblick\/\" target=\"_blank\" rel=\"noopener noreferrer\">radiocorax.de<\/a><br \/>\n<a href=\"https:\/\/www.untergrund-bl\u00e4ttle.ch\/audio\/526429\/wiedersehen_im_tunix_ein_rueckblick.html\" target=\"_blank\" rel=\"noopener noreferrer\">untergrund-bl\u00e4ttle.ch<\/a><\/p>\n<p>Einst radikal, heute zu angepasst<br \/>\nAndreas Hartmann<br \/>\ntaz, 4. Dezember 2018<br \/>\n<a href=\"https:\/\/taz.de\/Wiedersehen-in-Tunix\/!5553292\/\" target=\"_blank\" rel=\"noopener noreferrer\">taz.de<\/a><\/p>\n<p><a href=\"https:\/\/eeclectic.de\/produkt\/gemeingut-stadt\/\">Gemeingut Stadt<\/a><br \/>\nBerliner Hefte zu Geschichte und Gegenwart der Stadt #4<br \/>\nKathrin Sch\u00f6mer<br \/>\nBauNetz, 12. Dezember 2017<br \/>\n<a href=\"https:\/\/www.baunetz.de\/meldungen\/Meldungen-Gemeingut_Stadt_5263681.html\" target=\"_blank\" rel=\"noopener noreferrer\">baunetz.de<\/a><\/p>\n<p><a href=\"https:\/\/eeclectic.de\/produkt\/zingster-strasse-25\/\">Zingster Stra\u00dfe 25<\/a><br \/>\nBerliner Hefte zu Geschichte und Gegenwart der Stadt #6<\/p>\n<p>&#8230; es sich in Neu-Hohensch\u00f6nhausen<br \/>\nAnna-Lena Wenzel<br \/>\n99% Urban, 28. November 2017<br \/>\n<a href=\"http:\/\/www.99prozenturban.de\/hierlebt\/es-sich-neu-hohensch\u00f6nhausen\" target=\"_blank\" rel=\"noopener noreferrer\">99prozenturban.de<\/a><\/p>\n<p>Berliner Hefte zu Geschichte und Gegenwart der Stadt<\/p>\n<p>K\u00e4mpfe um Teilhabe und Demokratie<br \/>\nInterview mit Heimo Lattner \u00fcber die \u201eBerliner Hefte\u201c<br \/>\nAnna-Lena Wenzel<br \/>\n99% Urban, September 2016<br \/>\n<a href=\"http:\/\/www.99prozenturban.de\/k\u00e4mpfe-um-teilhabe-und-demokratie\" target=\"_blank\" rel=\"noopener noreferrer\">99prozenturban.de<\/a><\/p>\n<p><a href=\"https:\/\/eeclectic.de\/produkt\/die-legende-vom-sozialen-wohnungsbau\/\">Die Legende vom Sozialen Wohnungsbau<\/a><br \/>\nBerliner Hefte zu Geschichte und Gegenwart der Stadt #2<\/p>\n<p>Kreuzberg will die Weltrevolution<br \/>\nSusanne Ehlerding<br \/>\nDer Tagesspiegel, 5. September 2016<br \/>\n<a href=\"https:\/\/www.tagesspiegel.de\/wirtschaft\/immobilien\/gentrifizierung-kreuzberg-will-die-weltrevolution\/14501512.html\" target=\"_blank\" rel=\"noopener noreferrer\">tagesspiegel.de<\/a><\/p>\n<p>Hat nie funktioniert<br \/>\nRonald Berg<br \/>\ntaz, 2. September 2016<br \/>\n<a href=\"https:\/\/taz.de\/Hat-nie-funktioniert\/!5332796\/\" target=\"_blank\" rel=\"noopener noreferrer\">taz.de<\/a><\/p>\n<p><a href=\"https:\/\/eeclectic.de\/produkt\/die-mauerpark-affaere\/\">Die Mauerparkaff\u00e4re<\/a><br \/>\nBerliner Hefte zu Geschichte und Gegenwart der Stadt #1<\/p>\n<p>Die Vision von einem \u00f6ffentlichen Raum<br \/>\nSophie Jung<br \/>\ntaz, 16. Juli 2016<br \/>\n<a href=\"https:\/\/taz.de\/!5318740\/\" target=\"_blank\" rel=\"noopener noreferrer\">taz.de<\/a><\/p>","protected":false},"excerpt":{"rendered":"<p>Presseanfragen bitte an contact(at)eeclectic.de.\u00a0Sie k\u00f6nnen die Coverabbildungen der Webseite gerne verwenden, alles weitere Bildmaterial ist m\u00f6glicherweise urheberrechtlich gesch\u00fctzt \u2013 fragen Sie gerne bei uns an. Press request to contact(at)eeclectic.de. Please feel free to use the cover images on this website, for any further material please get in touch. Pressemitteilungen \/ press releases Downloads In Leder, [&hellip;]<\/p>\n","protected":false},"author":3,"featured_media":0,"parent":0,"menu_order":0,"comment_status":"closed","ping_status":"closed","template":"","meta":{"inline_featured_image":false,"site-sidebar-layout":"default","site-content-layout":"","ast-site-content-layout":"default","site-content-style":"default","site-sidebar-style":"default","ast-global-header-display":"","ast-banner-title-visibility":"","ast-main-header-display":"","ast-hfb-above-header-display":"","ast-hfb-below-header-display":"","ast-hfb-mobile-header-display":"","site-post-title":"","ast-breadcrumbs-content":"","ast-featured-img":"","footer-sml-layout":"","theme-transparent-header-meta":"default","adv-header-id-meta":"","stick-header-meta":"default","header-above-stick-meta":"","header-main-stick-meta":"","header-below-stick-meta":"","astra-migrate-meta-layouts":"set","ast-page-background-enabled":"default","ast-page-background-meta":{"desktop":{"background-color":"var(--ast-global-color-4)","background-image":"","background-repeat":"repeat","background-position":"center center","background-size":"auto","background-attachment":"scroll","background-type":"","background-media":"","overlay-type":"","overlay-color":"","overlay-opacity":"","overlay-gradient":""},"tablet":{"background-color":"","background-image":"","background-repeat":"repeat","background-position":"center center","background-size":"auto","background-attachment":"scroll","background-type":"","background-media":"","overlay-type":"","overlay-color":"","overlay-opacity":"","overlay-gradient":""},"mobile":{"background-color":"","background-image":"","background-repeat":"repeat","background-position":"center center","background-size":"auto","background-attachment":"scroll","background-type":"","background-media":"","overlay-type":"","overlay-color":"","overlay-opacity":"","overlay-gradient":""}},"ast-content-background-meta":{"desktop":{"background-color":"var(--ast-global-color-5)","background-image":"","background-repeat":"repeat","background-position":"center center","background-size":"auto","background-attachment":"scroll","background-type":"","background-media":"","overlay-type":"","overlay-color":"","overlay-opacity":"","overlay-gradient":""},"tablet":{"background-color":"var(--ast-global-color-5)","background-image":"","background-repeat":"repeat","background-position":"center center","background-size":"auto","background-attachment":"scroll","background-type":"","background-media":"","overlay-type":"","overlay-color":"","overlay-opacity":"","overlay-gradient":""},"mobile":{"background-color":"var(--ast-global-color-5)","background-image":"","background-repeat":"repeat","background-position":"center center","background-size":"auto","background-attachment":"scroll","background-type":"","background-media":"","overlay-type":"","overlay-color":"","overlay-opacity":"","overlay-gradient":""}},"footnotes":""},"class_list":["post-8441","page","type-page","status-publish","hentry"],"acf":[],"yoast_head":"<!-- This site is optimized with the Yoast SEO plugin v25.3 - https:\/\/yoast.com\/wordpress\/plugins\/seo\/ -->\n<title>Press &#8211; EECLECTIC<\/title>\n<meta name=\"robots\" content=\"index, follow, max-snippet:-1, max-image-preview:large, max-video-preview:-1\" \/>\n<link rel=\"canonical\" href=\"https:\/\/eeclectic.de\/en\/presse\/\" \/>\n<meta property=\"og:locale\" content=\"en_US\" \/>\n<meta property=\"og:type\" content=\"article\" \/>\n<meta property=\"og:title\" content=\"Press &#8211; EECLECTIC\" \/>\n<meta property=\"og:description\" content=\"Presseanfragen bitte an contact(at)eeclectic.de.\u00a0Sie k\u00f6nnen die Coverabbildungen der Webseite gerne verwenden, alles weitere Bildmaterial ist m\u00f6glicherweise urheberrechtlich gesch\u00fctzt \u2013 fragen Sie gerne bei uns an. Press request to contact(at)eeclectic.de. Please feel free to use the cover images on this website, for any further material please get in touch. Pressemitteilungen \/ press releases Downloads In Leder, [&hellip;]\" \/>\n<meta property=\"og:url\" content=\"https:\/\/eeclectic.de\/en\/presse\/\" \/>\n<meta property=\"og:site_name\" content=\"EECLECTIC\" \/>\n<meta property=\"article:modified_time\" content=\"2026-02-18T12:52:34+00:00\" \/>\n<meta name=\"twitter:card\" content=\"summary_large_image\" \/>\n<meta name=\"twitter:label1\" content=\"Est. reading time\" \/>\n\t<meta name=\"twitter:data1\" content=\"5 minutes\" \/>\n<script type=\"application\/ld+json\" class=\"yoast-schema-graph\">{\"@context\":\"https:\/\/schema.org\",\"@graph\":[{\"@type\":\"WebPage\",\"@id\":\"https:\/\/eeclectic.de\/en\/presse\/\",\"url\":\"https:\/\/eeclectic.de\/en\/presse\/\",\"name\":\"Press &#8211; EECLECTIC\",\"isPartOf\":{\"@id\":\"https:\/\/eeclectic.de\/en\/#website\"},\"datePublished\":\"2020-11-05T14:10:22+00:00\",\"dateModified\":\"2026-02-18T12:52:34+00:00\",\"breadcrumb\":{\"@id\":\"https:\/\/eeclectic.de\/en\/presse\/#breadcrumb\"},\"inLanguage\":\"en-US\",\"potentialAction\":[{\"@type\":\"ReadAction\",\"target\":[[\"https:\/\/eeclectic.de\/en\/presse\/\"]]}]},{\"@type\":\"BreadcrumbList\",\"@id\":\"https:\/\/eeclectic.de\/en\/presse\/#breadcrumb\",\"itemListElement\":[{\"@type\":\"ListItem\",\"position\":1,\"name\":\"Home\",\"item\":\"https:\/\/eeclectic.de\/en\/\"},{\"@type\":\"ListItem\",\"position\":2,\"name\":\"Presse\"}]},{\"@type\":\"WebSite\",\"@id\":\"https:\/\/eeclectic.de\/en\/#website\",\"url\":\"https:\/\/eeclectic.de\/en\/\",\"name\":\"EECLECTIC\",\"description\":\"Digital Publishing for Visual Culture\",\"publisher\":{\"@id\":\"https:\/\/eeclectic.de\/en\/#organization\"},\"potentialAction\":[{\"@type\":\"SearchAction\",\"target\":{\"@type\":\"EntryPoint\",\"urlTemplate\":\"https:\/\/eeclectic.de\/en\/?s={search_term_string}\"},\"query-input\":{\"@type\":\"PropertyValueSpecification\",\"valueRequired\":true,\"valueName\":\"search_term_string\"}}],\"inLanguage\":\"en-US\"},{\"@type\":\"Organization\",\"@id\":\"https:\/\/eeclectic.de\/en\/#organization\",\"name\":\"EECLECTIC\",\"url\":\"https:\/\/eeclectic.de\/en\/\",\"logo\":{\"@type\":\"ImageObject\",\"inLanguage\":\"en-US\",\"@id\":\"https:\/\/eeclectic.de\/en\/#\/schema\/logo\/image\/\",\"url\":\"https:\/\/eeclectic.de\/wp-content\/uploads\/2018\/03\/ee-logo.svg\",\"contentUrl\":\"https:\/\/eeclectic.de\/wp-content\/uploads\/2018\/03\/ee-logo.svg\",\"caption\":\"EECLECTIC\"},\"image\":{\"@id\":\"https:\/\/eeclectic.de\/en\/#\/schema\/logo\/image\/\"}}]}<\/script>\n<!-- \/ Yoast SEO plugin. -->","yoast_head_json":{"title":"Press &#8211; EECLECTIC","robots":{"index":"index","follow":"follow","max-snippet":"max-snippet:-1","max-image-preview":"max-image-preview:large","max-video-preview":"max-video-preview:-1"},"canonical":"https:\/\/eeclectic.de\/en\/presse\/","og_locale":"en_US","og_type":"article","og_title":"Press &#8211; EECLECTIC","og_description":"Presseanfragen bitte an contact(at)eeclectic.de.\u00a0Sie k\u00f6nnen die Coverabbildungen der Webseite gerne verwenden, alles weitere Bildmaterial ist m\u00f6glicherweise urheberrechtlich gesch\u00fctzt \u2013 fragen Sie gerne bei uns an. Press request to contact(at)eeclectic.de. Please feel free to use the cover images on this website, for any further material please get in touch. Pressemitteilungen \/ press releases Downloads In Leder, [&hellip;]","og_url":"https:\/\/eeclectic.de\/en\/presse\/","og_site_name":"EECLECTIC","article_modified_time":"2026-02-18T12:52:34+00:00","twitter_card":"summary_large_image","twitter_misc":{"Est. reading time":"5 minutes"},"schema":{"@context":"https:\/\/schema.org","@graph":[{"@type":"WebPage","@id":"https:\/\/eeclectic.de\/en\/presse\/","url":"https:\/\/eeclectic.de\/en\/presse\/","name":"Press &#8211; EECLECTIC","isPartOf":{"@id":"https:\/\/eeclectic.de\/en\/#website"},"datePublished":"2020-11-05T14:10:22+00:00","dateModified":"2026-02-18T12:52:34+00:00","breadcrumb":{"@id":"https:\/\/eeclectic.de\/en\/presse\/#breadcrumb"},"inLanguage":"en-US","potentialAction":[{"@type":"ReadAction","target":[["https:\/\/eeclectic.de\/en\/presse\/"]]}]},{"@type":"BreadcrumbList","@id":"https:\/\/eeclectic.de\/en\/presse\/#breadcrumb","itemListElement":[{"@type":"ListItem","position":1,"name":"Home","item":"https:\/\/eeclectic.de\/en\/"},{"@type":"ListItem","position":2,"name":"Presse"}]},{"@type":"WebSite","@id":"https:\/\/eeclectic.de\/en\/#website","url":"https:\/\/eeclectic.de\/en\/","name":"EECLECTIC","description":"Digital Publishing for Visual Culture","publisher":{"@id":"https:\/\/eeclectic.de\/en\/#organization"},"potentialAction":[{"@type":"SearchAction","target":{"@type":"EntryPoint","urlTemplate":"https:\/\/eeclectic.de\/en\/?s={search_term_string}"},"query-input":{"@type":"PropertyValueSpecification","valueRequired":true,"valueName":"search_term_string"}}],"inLanguage":"en-US"},{"@type":"Organization","@id":"https:\/\/eeclectic.de\/en\/#organization","name":"EECLECTIC","url":"https:\/\/eeclectic.de\/en\/","logo":{"@type":"ImageObject","inLanguage":"en-US","@id":"https:\/\/eeclectic.de\/en\/#\/schema\/logo\/image\/","url":"https:\/\/eeclectic.de\/wp-content\/uploads\/2018\/03\/ee-logo.svg","contentUrl":"https:\/\/eeclectic.de\/wp-content\/uploads\/2018\/03\/ee-logo.svg","caption":"EECLECTIC"},"image":{"@id":"https:\/\/eeclectic.de\/en\/#\/schema\/logo\/image\/"}}]}},"_links":{"self":[{"href":"https:\/\/eeclectic.de\/en\/wp-json\/wp\/v2\/pages\/8441","targetHints":{"allow":["GET"]}}],"collection":[{"href":"https:\/\/eeclectic.de\/en\/wp-json\/wp\/v2\/pages"}],"about":[{"href":"https:\/\/eeclectic.de\/en\/wp-json\/wp\/v2\/types\/page"}],"author":[{"embeddable":true,"href":"https:\/\/eeclectic.de\/en\/wp-json\/wp\/v2\/users\/3"}],"replies":[{"embeddable":true,"href":"https:\/\/eeclectic.de\/en\/wp-json\/wp\/v2\/comments?post=8441"}],"version-history":[{"count":3,"href":"https:\/\/eeclectic.de\/en\/wp-json\/wp\/v2\/pages\/8441\/revisions"}],"predecessor-version":[{"id":20126,"href":"https:\/\/eeclectic.de\/en\/wp-json\/wp\/v2\/pages\/8441\/revisions\/20126"}],"wp:attachment":[{"href":"https:\/\/eeclectic.de\/en\/wp-json\/wp\/v2\/media?parent=8441"}],"curies":[{"name":"wp","href":"https:\/\/api.w.org\/{rel}","templated":true}]}}