{"id":16480,"date":"2025-04-17T13:12:31","date_gmt":"2025-04-17T11:12:31","guid":{"rendered":"https:\/\/eeclectic.de\/?post_type=product&#038;p=16480"},"modified":"2025-10-27T19:22:12","modified_gmt":"2025-10-27T18:22:12","slug":"in-leder","status":"publish","type":"product","link":"https:\/\/eeclectic.de\/en\/produkt\/in-leder\/","title":{"rendered":"In Leder"},"content":{"rendered":"<p>The publication shows the work <em>In Leder<\/em> by the artist K\u00e4the Kruse. <em>In Leder<\/em> consists of 20 leather-covered instruments. The starting point was the drum kit that K\u00e4the Kruse played in the iconic band Die T\u00f6dliche Doris in the 1980s and which she \u201cleathered in\u201d as the first of the instruments in an act of transformation and redefinition. This was followed by the guitar, bass, violin, clarinet, recorder, rattles, accordion, cymbals, kettle, xylophon, and claves, which, once covered in leather, became objects in their own right. The new sounds can be heard, and the instruments can be played in the e-book.<\/p>\n<p>The leathered instruments continue to be played in performative settings. In the performance <em>Lieder in Leder<\/em>* Kruse sings songs from Ch\u00f6re &amp; Soli, half-hidden in a column of leather. She is accompanied by her daughter Edda Kruse Rosset on the leather-covered drums. All instruments are used in <em>Konzert in Leder<\/em>, and Kruse beats the metal sheets printed with the lyrics of the songs, which create a clattering counter-sound to the instruments muffled by the leather. Sophia Bicking, Danielle de Picciotto, Alexander Hacke, Edda Kruse Rosset and Alma Neumann accompanied Kruse at the one-off concert on April 10, 2025, at the Berlinische Galerie. The performances <em>Lieder in Leder<\/em> and <em>Konzert in Leder<\/em> are included in the e-book as videos.<\/p>\n<p>*Lieder in Leder\u202fare based on the short acappella songs from the box Ch\u00f6re &amp; Soli by Die T\u00f6dliche Doris, published in 1984 by Gelbe Musik, Berlin, and Pure Freude, D\u00fcsseldorf.<\/p>","protected":false},"excerpt":{"rendered":"<p>The publication presents the series of \u201cleathered\u201d instruments and allows us to hear the newly created sounds<\/p>\n","protected":false},"featured_media":17500,"template":"","meta":{"inline_featured_image":false,"site-sidebar-layout":"default","site-content-layout":"default","ast-site-content-layout":"default","site-content-style":"default","site-sidebar-style":"default","ast-global-header-display":"","ast-banner-title-visibility":"","ast-main-header-display":"","ast-hfb-above-header-display":"","ast-hfb-below-header-display":"","ast-hfb-mobile-header-display":"","site-post-title":"","ast-breadcrumbs-content":"","ast-featured-img":"","footer-sml-layout":"","theme-transparent-header-meta":"default","adv-header-id-meta":"","stick-header-meta":"default","header-above-stick-meta":"","header-main-stick-meta":"","header-below-stick-meta":"","astra-migrate-meta-layouts":"set","ast-page-background-enabled":"default","ast-page-background-meta":{"desktop":{"background-color":"var(--ast-global-color-4)","background-image":"","background-repeat":"repeat","background-position":"center center","background-size":"auto","background-attachment":"scroll","background-type":"","background-media":"","overlay-type":"","overlay-color":"","overlay-opacity":"","overlay-gradient":""},"tablet":{"background-color":"","background-image":"","background-repeat":"repeat","background-position":"center center","background-size":"auto","background-attachment":"scroll","background-type":"","background-media":"","overlay-type":"","overlay-color":"","overlay-opacity":"","overlay-gradient":""},"mobile":{"background-color":"","background-image":"","background-repeat":"repeat","background-position":"center center","background-size":"auto","background-attachment":"scroll","background-type":"","background-media":"","overlay-type":"","overlay-color":"","overlay-opacity":"","overlay-gradient":""}},"ast-content-background-meta":{"desktop":{"background-color":"var(--ast-global-color-5)","background-image":"","background-repeat":"repeat","background-position":"center center","background-size":"auto","background-attachment":"scroll","background-type":"","background-media":"","overlay-type":"","overlay-color":"","overlay-opacity":"","overlay-gradient":""},"tablet":{"background-color":"var(--ast-global-color-5)","background-image":"","background-repeat":"repeat","background-position":"center center","background-size":"auto","background-attachment":"scroll","background-type":"","background-media":"","overlay-type":"","overlay-color":"","overlay-opacity":"","overlay-gradient":""},"mobile":{"background-color":"var(--ast-global-color-5)","background-image":"","background-repeat":"repeat","background-position":"center center","background-size":"auto","background-attachment":"scroll","background-type":"","background-media":"","overlay-type":"","overlay-color":"","overlay-opacity":"","overlay-gradient":""}}},"product_brand":[],"product_cat":[287,275,588,589,67],"product_tag":[591,571,595,596,221,193,590],"class_list":{"0":"post-16480","1":"product","2":"type-product","3":"status-publish","4":"has-post-thumbnail","6":"writers-kaethe-kruse","7":"reihe-editionen","8":"product_cat-e-book","9":"product_cat-gesellschaft","10":"product_cat-music","11":"product_cat-performance","12":"product_cat-kunst","13":"product_tag-instrumente","14":"product_tag-art","15":"product_tag-leather","16":"product_tag-music","17":"product_tag-performance","18":"product_tag-sound","19":"product_tag-transformation","20":"desktop-align-left","21":"tablet-align-left","22":"mobile-align-left","23":"ast-product-gallery-layout-horizontal-slider","24":"ast-magnify-disabled","25":"ast-product-single-variable","26":"ast-product-tabs-layout-horizontal","28":"first","29":"instock","30":"taxable","31":"shipping-taxable","32":"purchasable","33":"product-type-variable","34":"has-default-attributes"},"acf":[],"yoast_head":"<!-- This site is optimized with the Yoast SEO plugin v25.3 - https:\/\/yoast.com\/wordpress\/plugins\/seo\/ -->\n<title>In Leder &#8211; EECLECTIC<\/title>\n<meta name=\"description\" content=\"The publication shows the work In Leder by the artist K\u00e4the Kruse. In Leder consists of 20 leather-covered instruments. The starting point was the drum kit that K\u00e4the Kruse played in the iconic band Die T\u00f6dliche Doris in the 1980s and which she \u201cleathered in\u201d as the first of the instruments in an act of transforma % % tion and redefinition. This was followed by the guitar, bass, violin, clarinet, recorder, rattles, accordion, cymbals, kettle, xylophon, and claves, which, once covered in leather, became objects in their own right. The new sounds can be heard, and the instruments can be played in the e-book.\" \/>\n<meta name=\"robots\" content=\"index, follow, max-snippet:-1, max-image-preview:large, max-video-preview:-1\" \/>\n<link rel=\"canonical\" href=\"https:\/\/eeclectic.de\/en\/produkt\/in-leder\/\" \/>\n<meta property=\"og:locale\" content=\"en_US\" \/>\n<meta property=\"og:type\" content=\"article\" \/>\n<meta property=\"og:title\" content=\"In Leder &#8211; EECLECTIC\" \/>\n<meta property=\"og:description\" content=\"The publication shows the work In Leder by the artist K\u00e4the Kruse. In Leder consists of 20 leather-covered instruments. The starting point was the drum kit that K\u00e4the Kruse played in the iconic band Die T\u00f6dliche Doris in the 1980s and which she \u201cleathered in\u201d as the first of the instruments in an act of transforma % % tion and redefinition. This was followed by the guitar, bass, violin, clarinet, recorder, rattles, accordion, cymbals, kettle, xylophon, and claves, which, once covered in leather, became objects in their own right. The new sounds can be heard, and the instruments can be played in the e-book.\" \/>\n<meta property=\"og:url\" content=\"https:\/\/eeclectic.de\/en\/produkt\/in-leder\/\" \/>\n<meta property=\"og:site_name\" content=\"EECLECTIC\" \/>\n<meta property=\"article:modified_time\" content=\"2025-10-27T18:22:12+00:00\" \/>\n<meta property=\"og:image\" content=\"https:\/\/eeclectic.de\/wp-content\/uploads\/2024\/06\/cover-in-leder-neu-1-scaled.jpg\" \/>\n\t<meta property=\"og:image:width\" content=\"1814\" \/>\n\t<meta property=\"og:image:height\" content=\"2560\" \/>\n\t<meta property=\"og:image:type\" content=\"image\/jpeg\" \/>\n<meta name=\"twitter:card\" content=\"summary_large_image\" \/>\n<meta name=\"twitter:label1\" content=\"Est. reading time\" \/>\n\t<meta name=\"twitter:data1\" content=\"2 minutes\" \/>\n<script type=\"application\/ld+json\" class=\"yoast-schema-graph\">{\"@context\":\"https:\/\/schema.org\",\"@graph\":[{\"@type\":\"WebPage\",\"@id\":\"https:\/\/eeclectic.de\/en\/produkt\/in-leder\/\",\"url\":\"https:\/\/eeclectic.de\/en\/produkt\/in-leder\/\",\"name\":\"In Leder &#8211; EECLECTIC\",\"isPartOf\":{\"@id\":\"https:\/\/eeclectic.de\/en\/#website\"},\"primaryImageOfPage\":{\"@id\":\"https:\/\/eeclectic.de\/en\/produkt\/in-leder\/#primaryimage\"},\"image\":{\"@id\":\"https:\/\/eeclectic.de\/produkt\/in-leder\/#primaryimage\"},\"thumbnailUrl\":\"https:\/\/eeclectic.de\/wp-content\/uploads\/2024\/06\/cover-in-leder-neu-1-scaled.jpg\",\"datePublished\":\"2025-04-17T11:12:31+00:00\",\"dateModified\":\"2025-10-27T18:22:12+00:00\",\"description\":\"The publication shows the work In Leder by the artist K\u00e4the Kruse. In Leder consists of 20 leather-covered instruments. The starting point was the drum kit that K\u00e4the Kruse played in the iconic band Die T\u00f6dliche Doris in the 1980s and which she \u201cleathered in\u201d as the first of the instruments in an act of transforma % % tion and redefinition. This was followed by the guitar, bass, violin, clarinet, recorder, rattles, accordion, cymbals, kettle, xylophon, and claves, which, once covered in leather, became objects in their own right. The new sounds can be heard, and the instruments can be played in the e-book.\",\"breadcrumb\":{\"@id\":\"https:\/\/eeclectic.de\/en\/produkt\/in-leder\/#breadcrumb\"},\"inLanguage\":\"en-US\",\"potentialAction\":[{\"@type\":\"ReadAction\",\"target\":[[\"https:\/\/eeclectic.de\/en\/produkt\/in-leder\/\"]]}]},{\"@type\":\"ImageObject\",\"inLanguage\":\"en-US\",\"@id\":\"https:\/\/eeclectic.de\/en\/produkt\/in-leder\/#primaryimage\",\"url\":\"https:\/\/eeclectic.de\/wp-content\/uploads\/2024\/06\/cover-in-leder-neu-1-scaled.jpg\",\"contentUrl\":\"https:\/\/eeclectic.de\/wp-content\/uploads\/2024\/06\/cover-in-leder-neu-1-scaled.jpg\",\"width\":1814,\"height\":2560},{\"@type\":\"BreadcrumbList\",\"@id\":\"https:\/\/eeclectic.de\/en\/produkt\/in-leder\/#breadcrumb\",\"itemListElement\":[{\"@type\":\"ListItem\",\"position\":1,\"name\":\"Home\",\"item\":\"https:\/\/eeclectic.de\/en\/\"},{\"@type\":\"ListItem\",\"position\":2,\"name\":\"Publikationen\",\"item\":\"https:\/\/eeclectic.de\/en\/publikationen\/\"},{\"@type\":\"ListItem\",\"position\":3,\"name\":\"In Leder\"}]},{\"@type\":\"WebSite\",\"@id\":\"https:\/\/eeclectic.de\/en\/#website\",\"url\":\"https:\/\/eeclectic.de\/en\/\",\"name\":\"EECLECTIC\",\"description\":\"Digital Publishing for Visual Culture\",\"publisher\":{\"@id\":\"https:\/\/eeclectic.de\/en\/#organization\"},\"potentialAction\":[{\"@type\":\"SearchAction\",\"target\":{\"@type\":\"EntryPoint\",\"urlTemplate\":\"https:\/\/eeclectic.de\/en\/?s={search_term_string}\"},\"query-input\":{\"@type\":\"PropertyValueSpecification\",\"valueRequired\":true,\"valueName\":\"search_term_string\"}}],\"inLanguage\":\"en-US\"},{\"@type\":\"Organization\",\"@id\":\"https:\/\/eeclectic.de\/en\/#organization\",\"name\":\"EECLECTIC\",\"url\":\"https:\/\/eeclectic.de\/en\/\",\"logo\":{\"@type\":\"ImageObject\",\"inLanguage\":\"en-US\",\"@id\":\"https:\/\/eeclectic.de\/en\/#\/schema\/logo\/image\/\",\"url\":\"https:\/\/eeclectic.de\/wp-content\/uploads\/2018\/03\/ee-logo.svg\",\"contentUrl\":\"https:\/\/eeclectic.de\/wp-content\/uploads\/2018\/03\/ee-logo.svg\",\"caption\":\"EECLECTIC\"},\"image\":{\"@id\":\"https:\/\/eeclectic.de\/en\/#\/schema\/logo\/image\/\"}}]}<\/script>\n<!-- \/ Yoast SEO plugin. -->","yoast_head_json":{"title":"In Leder &#8211; EECLECTIC","description":"The publication shows the work In Leder by the artist K\u00e4the Kruse. In Leder consists of 20 leather-covered instruments. The starting point was the drum kit that K\u00e4the Kruse played in the iconic band Die T\u00f6dliche Doris in the 1980s and which she \u201cleathered in\u201d as the first of the instruments in an act of transforma % % tion and redefinition. This was followed by the guitar, bass, violin, clarinet, recorder, rattles, accordion, cymbals, kettle, xylophon, and claves, which, once covered in leather, became objects in their own right. The new sounds can be heard, and the instruments can be played in the e-book.","robots":{"index":"index","follow":"follow","max-snippet":"max-snippet:-1","max-image-preview":"max-image-preview:large","max-video-preview":"max-video-preview:-1"},"canonical":"https:\/\/eeclectic.de\/en\/produkt\/in-leder\/","og_locale":"en_US","og_type":"article","og_title":"In Leder &#8211; EECLECTIC","og_description":"The publication shows the work In Leder by the artist K\u00e4the Kruse. In Leder consists of 20 leather-covered instruments. The starting point was the drum kit that K\u00e4the Kruse played in the iconic band Die T\u00f6dliche Doris in the 1980s and which she \u201cleathered in\u201d as the first of the instruments in an act of transforma % % tion and redefinition. This was followed by the guitar, bass, violin, clarinet, recorder, rattles, accordion, cymbals, kettle, xylophon, and claves, which, once covered in leather, became objects in their own right. The new sounds can be heard, and the instruments can be played in the e-book.","og_url":"https:\/\/eeclectic.de\/en\/produkt\/in-leder\/","og_site_name":"EECLECTIC","article_modified_time":"2025-10-27T18:22:12+00:00","og_image":[{"width":1814,"height":2560,"url":"https:\/\/eeclectic.de\/wp-content\/uploads\/2024\/06\/cover-in-leder-neu-1-scaled.jpg","type":"image\/jpeg"}],"twitter_card":"summary_large_image","twitter_misc":{"Est. reading time":"2 minutes"},"schema":{"@context":"https:\/\/schema.org","@graph":[{"@type":"WebPage","@id":"https:\/\/eeclectic.de\/en\/produkt\/in-leder\/","url":"https:\/\/eeclectic.de\/en\/produkt\/in-leder\/","name":"In Leder &#8211; EECLECTIC","isPartOf":{"@id":"https:\/\/eeclectic.de\/en\/#website"},"primaryImageOfPage":{"@id":"https:\/\/eeclectic.de\/en\/produkt\/in-leder\/#primaryimage"},"image":{"@id":"https:\/\/eeclectic.de\/produkt\/in-leder\/#primaryimage"},"thumbnailUrl":"https:\/\/eeclectic.de\/wp-content\/uploads\/2024\/06\/cover-in-leder-neu-1-scaled.jpg","datePublished":"2025-04-17T11:12:31+00:00","dateModified":"2025-10-27T18:22:12+00:00","description":"The publication shows the work In Leder by the artist K\u00e4the Kruse. In Leder consists of 20 leather-covered instruments. The starting point was the drum kit that K\u00e4the Kruse played in the iconic band Die T\u00f6dliche Doris in the 1980s and which she \u201cleathered in\u201d as the first of the instruments in an act of transforma % % tion and redefinition. This was followed by the guitar, bass, violin, clarinet, recorder, rattles, accordion, cymbals, kettle, xylophon, and claves, which, once covered in leather, became objects in their own right. The new sounds can be heard, and the instruments can be played in the e-book.","breadcrumb":{"@id":"https:\/\/eeclectic.de\/en\/produkt\/in-leder\/#breadcrumb"},"inLanguage":"en-US","potentialAction":[{"@type":"ReadAction","target":[["https:\/\/eeclectic.de\/en\/produkt\/in-leder\/"]]}]},{"@type":"ImageObject","inLanguage":"en-US","@id":"https:\/\/eeclectic.de\/en\/produkt\/in-leder\/#primaryimage","url":"https:\/\/eeclectic.de\/wp-content\/uploads\/2024\/06\/cover-in-leder-neu-1-scaled.jpg","contentUrl":"https:\/\/eeclectic.de\/wp-content\/uploads\/2024\/06\/cover-in-leder-neu-1-scaled.jpg","width":1814,"height":2560},{"@type":"BreadcrumbList","@id":"https:\/\/eeclectic.de\/en\/produkt\/in-leder\/#breadcrumb","itemListElement":[{"@type":"ListItem","position":1,"name":"Home","item":"https:\/\/eeclectic.de\/en\/"},{"@type":"ListItem","position":2,"name":"Publikationen","item":"https:\/\/eeclectic.de\/en\/publikationen\/"},{"@type":"ListItem","position":3,"name":"In Leder"}]},{"@type":"WebSite","@id":"https:\/\/eeclectic.de\/en\/#website","url":"https:\/\/eeclectic.de\/en\/","name":"EECLECTIC","description":"Digital Publishing for Visual Culture","publisher":{"@id":"https:\/\/eeclectic.de\/en\/#organization"},"potentialAction":[{"@type":"SearchAction","target":{"@type":"EntryPoint","urlTemplate":"https:\/\/eeclectic.de\/en\/?s={search_term_string}"},"query-input":{"@type":"PropertyValueSpecification","valueRequired":true,"valueName":"search_term_string"}}],"inLanguage":"en-US"},{"@type":"Organization","@id":"https:\/\/eeclectic.de\/en\/#organization","name":"EECLECTIC","url":"https:\/\/eeclectic.de\/en\/","logo":{"@type":"ImageObject","inLanguage":"en-US","@id":"https:\/\/eeclectic.de\/en\/#\/schema\/logo\/image\/","url":"https:\/\/eeclectic.de\/wp-content\/uploads\/2018\/03\/ee-logo.svg","contentUrl":"https:\/\/eeclectic.de\/wp-content\/uploads\/2018\/03\/ee-logo.svg","caption":"EECLECTIC"},"image":{"@id":"https:\/\/eeclectic.de\/en\/#\/schema\/logo\/image\/"}}]}},"_links":{"self":[{"href":"https:\/\/eeclectic.de\/en\/wp-json\/wp\/v2\/product\/16480","targetHints":{"allow":["GET"]}}],"collection":[{"href":"https:\/\/eeclectic.de\/en\/wp-json\/wp\/v2\/product"}],"about":[{"href":"https:\/\/eeclectic.de\/en\/wp-json\/wp\/v2\/types\/product"}],"wp:featuredmedia":[{"embeddable":true,"href":"https:\/\/eeclectic.de\/en\/wp-json\/wp\/v2\/media\/17500"}],"wp:attachment":[{"href":"https:\/\/eeclectic.de\/en\/wp-json\/wp\/v2\/media?parent=16480"}],"wp:term":[{"taxonomy":"product_brand","embeddable":true,"href":"https:\/\/eeclectic.de\/en\/wp-json\/wp\/v2\/product_brand?post=16480"},{"taxonomy":"product_cat","embeddable":true,"href":"https:\/\/eeclectic.de\/en\/wp-json\/wp\/v2\/product_cat?post=16480"},{"taxonomy":"product_tag","embeddable":true,"href":"https:\/\/eeclectic.de\/en\/wp-json\/wp\/v2\/product_tag?post=16480"}],"curies":[{"name":"wp","href":"https:\/\/api.w.org\/{rel}","templated":true}]}}