{"id":1769,"date":"2018-05-03T16:04:01","date_gmt":"2018-05-03T14:04:01","guid":{"rendered":"https:\/\/eeclectic.de\/?post_type=product&#038;p=1769"},"modified":"2023-10-06T13:35:26","modified_gmt":"2023-10-06T11:35:26","slug":"gemeingut-stadt","status":"publish","type":"product","link":"https:\/\/eeclectic.de\/en\/produkt\/gemeingut-stadt\/","title":{"rendered":"Gemeingut Stadt"},"content":{"rendered":"<p>City as Commons<\/p>\n<p>\u201cCommons is not something that just exists out there, nor is it something that is objectively present in certain resources or things. It is a relation of people with the conditions they describe as essential for their existence, collectively,\u201d writes Stavros Stavrides, architect, activist, and author of <em>Common Space: The City as Commons<\/em>.<\/p>\n<p>Stavrides understands the creation, development, and maintenance of commons as a social practice that radically challenges capitalist values and hierarchical forms of social organization. Constructed in this way, urban spaces differ both from private enclosures and from public space as we know it: common spaces are permanently inviting and continually in the making, spaces which are not simply shared but through which sharing itself is shaped.<\/p>\n<p>This book, edited by Mathias Heyden, provides an introduction to Stavrides&#8217; thinking about the <em>City as Commons<\/em>. Occupied squares, self-managed facilities and autonomous neighborhoods in Greece and Latin America exem-plify his theory of urban commoning, which, within the context of the global debates and struggles for social and economic justice, points in the direction of a truly emancipated society.<\/p>\n<p>&nbsp;<\/p>\n<p>Reading sample (pdf):<\/p>\n<div class=\"issuuembed\" style=\"width: 100%; height: 500px;\" data-configid=\"32943537\/63533316\"><\/div>\n<p><script type=\"text\/javascript\" src=\"\/\/e.issuu.com\/embed.js\" async=\"true\"><\/script><\/p>","protected":false},"excerpt":{"rendered":"<p>#4 \/ Thoughts about urban commoning<\/p>\n","protected":false},"featured_media":856,"template":"","meta":{"inline_featured_image":false,"site-sidebar-layout":"default","site-content-layout":"default","ast-site-content-layout":"","site-content-style":"default","site-sidebar-style":"default","ast-global-header-display":"","ast-banner-title-visibility":"","ast-main-header-display":"","ast-hfb-above-header-display":"","ast-hfb-below-header-display":"","ast-hfb-mobile-header-display":"","site-post-title":"","ast-breadcrumbs-content":"","ast-featured-img":"","footer-sml-layout":"","theme-transparent-header-meta":"default","adv-header-id-meta":"","stick-header-meta":"default","header-above-stick-meta":"","header-main-stick-meta":"","header-below-stick-meta":"","astra-migrate-meta-layouts":"default","ast-page-background-enabled":"default","ast-page-background-meta":{"desktop":{"background-color":"var(--ast-global-color-4)","background-image":"","background-repeat":"repeat","background-position":"center center","background-size":"auto","background-attachment":"scroll","background-type":"","background-media":"","overlay-type":"","overlay-color":"","overlay-opacity":"","overlay-gradient":""},"tablet":{"background-color":"","background-image":"","background-repeat":"repeat","background-position":"center center","background-size":"auto","background-attachment":"scroll","background-type":"","background-media":"","overlay-type":"","overlay-color":"","overlay-opacity":"","overlay-gradient":""},"mobile":{"background-color":"","background-image":"","background-repeat":"repeat","background-position":"center center","background-size":"auto","background-attachment":"scroll","background-type":"","background-media":"","overlay-type":"","overlay-color":"","overlay-opacity":"","overlay-gradient":""}},"ast-content-background-meta":{"desktop":{"background-color":"var(--ast-global-color-5)","background-image":"","background-repeat":"repeat","background-position":"center center","background-size":"auto","background-attachment":"scroll","background-type":"","background-media":"","overlay-type":"","overlay-color":"","overlay-opacity":"","overlay-gradient":""},"tablet":{"background-color":"var(--ast-global-color-5)","background-image":"","background-repeat":"repeat","background-position":"center center","background-size":"auto","background-attachment":"scroll","background-type":"","background-media":"","overlay-type":"","overlay-color":"","overlay-opacity":"","overlay-gradient":""},"mobile":{"background-color":"var(--ast-global-color-5)","background-image":"","background-repeat":"repeat","background-position":"center center","background-size":"auto","background-attachment":"scroll","background-type":"","background-media":"","overlay-type":"","overlay-color":"","overlay-opacity":"","overlay-gradient":""}}},"product_brand":[],"product_cat":[61],"product_tag":[144,84,75,145,69,68,110],"class_list":{"0":"post-1769","1":"product","2":"type-product","3":"status-publish","4":"has-post-thumbnail","6":"writers-mathias-heyden","7":"writers-stavros-stavrides","8":"reihe-berliner-hefte","9":"product_cat-stadt","10":"product_tag-athen","11":"product_tag-berlin","12":"product_tag-commons","13":"product_tag-mexiko-stadt","14":"product_tag-politics","15":"product_tag-city","16":"product_tag-stadtentwicklung","17":"desktop-align-left","18":"tablet-align-left","19":"mobile-align-left","20":"ast-product-gallery-layout-horizontal-slider","21":"ast-magnify-disabled","22":"ast-product-single-variable","23":"ast-product-tabs-layout-horizontal","25":"first","26":"instock","27":"taxable","28":"shipping-taxable","29":"purchasable","30":"product-type-variable","31":"has-default-attributes"},"acf":[],"yoast_head":"<!-- This site is optimized with the Yoast SEO plugin v25.3 - https:\/\/yoast.com\/wordpress\/plugins\/seo\/ -->\n<title>Gemeingut Stadt &#8211; EECLECTIC<\/title>\n<meta name=\"description\" content=\"In diesem von Mathias Heyden herausgegebenen Heft f\u00fchrt Stavrides in sein Nachdenken \u00fcber das Gemeingut Stadt ein. Am Beispiel besetzter Pl\u00e4tze, selbstverwalteter Einrichtungen und autonomer Nachbarschaften in Griechenland und Lateinamerika veranschaulicht er seine Theorie eines st\u00e4dtischen Gemeinschaffens, das im Kontext der globalen Debatten und K\u00e4mpfe um soziale und \u00f6konomische Gerechtigkeit einen m\u00f6glichen Weg hin zu einer in der Tat emanzipierten Gesellschaft weist\" \/>\n<meta name=\"robots\" content=\"index, follow, max-snippet:-1, max-image-preview:large, max-video-preview:-1\" \/>\n<link rel=\"canonical\" href=\"https:\/\/eeclectic.de\/en\/produkt\/gemeingut-stadt\/\" \/>\n<meta property=\"og:locale\" content=\"en_US\" \/>\n<meta property=\"og:type\" content=\"article\" \/>\n<meta property=\"og:title\" content=\"Gemeingut Stadt &#8211; EECLECTIC\" \/>\n<meta property=\"og:description\" content=\"In diesem von Mathias Heyden herausgegebenen Heft f\u00fchrt Stavrides in sein Nachdenken \u00fcber das Gemeingut Stadt ein. Am Beispiel besetzter Pl\u00e4tze, selbstverwalteter Einrichtungen und autonomer Nachbarschaften in Griechenland und Lateinamerika veranschaulicht er seine Theorie eines st\u00e4dtischen Gemeinschaffens, das im Kontext der globalen Debatten und K\u00e4mpfe um soziale und \u00f6konomische Gerechtigkeit einen m\u00f6glichen Weg hin zu einer in der Tat emanzipierten Gesellschaft weist\" \/>\n<meta property=\"og:url\" content=\"https:\/\/eeclectic.de\/en\/produkt\/gemeingut-stadt\/\" \/>\n<meta property=\"og:site_name\" content=\"EECLECTIC\" \/>\n<meta property=\"article:modified_time\" content=\"2023-10-06T11:35:26+00:00\" \/>\n<meta property=\"og:image\" content=\"https:\/\/eeclectic.de\/wp-content\/uploads\/2018\/02\/coverberlinerhefte4.jpg\" \/>\n\t<meta property=\"og:image:width\" content=\"768\" \/>\n\t<meta property=\"og:image:height\" content=\"1084\" \/>\n\t<meta property=\"og:image:type\" content=\"image\/jpeg\" \/>\n<meta name=\"twitter:card\" content=\"summary_large_image\" \/>\n<meta name=\"twitter:label1\" content=\"Est. reading time\" \/>\n\t<meta name=\"twitter:data1\" content=\"1 minute\" \/>\n<script type=\"application\/ld+json\" class=\"yoast-schema-graph\">{\"@context\":\"https:\/\/schema.org\",\"@graph\":[{\"@type\":\"WebPage\",\"@id\":\"https:\/\/eeclectic.de\/en\/produkt\/gemeingut-stadt\/\",\"url\":\"https:\/\/eeclectic.de\/en\/produkt\/gemeingut-stadt\/\",\"name\":\"Gemeingut Stadt &#8211; EECLECTIC\",\"isPartOf\":{\"@id\":\"https:\/\/eeclectic.de\/en\/#website\"},\"primaryImageOfPage\":{\"@id\":\"https:\/\/eeclectic.de\/en\/produkt\/gemeingut-stadt\/#primaryimage\"},\"image\":{\"@id\":\"https:\/\/eeclectic.de\/produkt\/gemeingut-stadt\/#primaryimage\"},\"thumbnailUrl\":\"https:\/\/eeclectic.de\/wp-content\/uploads\/2018\/02\/coverberlinerhefte4.jpg\",\"datePublished\":\"2018-05-03T14:04:01+00:00\",\"dateModified\":\"2023-10-06T11:35:26+00:00\",\"description\":\"In diesem von Mathias Heyden herausgegebenen Heft f\u00fchrt Stavrides in sein Nachdenken \u00fcber das Gemeingut Stadt ein. Am Beispiel besetzter Pl\u00e4tze, selbstverwalteter Einrichtungen und autonomer Nachbarschaften in Griechenland und Lateinamerika veranschaulicht er seine Theorie eines st\u00e4dtischen Gemeinschaffens, das im Kontext der globalen Debatten und K\u00e4mpfe um soziale und \u00f6konomische Gerechtigkeit einen m\u00f6glichen Weg hin zu einer in der Tat emanzipierten Gesellschaft weist\",\"breadcrumb\":{\"@id\":\"https:\/\/eeclectic.de\/en\/produkt\/gemeingut-stadt\/#breadcrumb\"},\"inLanguage\":\"en-US\",\"potentialAction\":[{\"@type\":\"ReadAction\",\"target\":[[\"https:\/\/eeclectic.de\/en\/produkt\/gemeingut-stadt\/\"]]}]},{\"@type\":\"ImageObject\",\"inLanguage\":\"en-US\",\"@id\":\"https:\/\/eeclectic.de\/en\/produkt\/gemeingut-stadt\/#primaryimage\",\"url\":\"https:\/\/eeclectic.de\/wp-content\/uploads\/2018\/02\/coverberlinerhefte4.jpg\",\"contentUrl\":\"https:\/\/eeclectic.de\/wp-content\/uploads\/2018\/02\/coverberlinerhefte4.jpg\",\"width\":768,\"height\":1084,\"caption\":\"coverberlinerhefte4\"},{\"@type\":\"BreadcrumbList\",\"@id\":\"https:\/\/eeclectic.de\/en\/produkt\/gemeingut-stadt\/#breadcrumb\",\"itemListElement\":[{\"@type\":\"ListItem\",\"position\":1,\"name\":\"Home\",\"item\":\"https:\/\/eeclectic.de\/en\/\"},{\"@type\":\"ListItem\",\"position\":2,\"name\":\"Publikationen\",\"item\":\"https:\/\/eeclectic.de\/en\/publikationen\/\"},{\"@type\":\"ListItem\",\"position\":3,\"name\":\"Gemeingut Stadt\"}]},{\"@type\":\"WebSite\",\"@id\":\"https:\/\/eeclectic.de\/en\/#website\",\"url\":\"https:\/\/eeclectic.de\/en\/\",\"name\":\"EECLECTIC\",\"description\":\"Digital Publishing for Visual Culture\",\"publisher\":{\"@id\":\"https:\/\/eeclectic.de\/en\/#organization\"},\"potentialAction\":[{\"@type\":\"SearchAction\",\"target\":{\"@type\":\"EntryPoint\",\"urlTemplate\":\"https:\/\/eeclectic.de\/en\/?s={search_term_string}\"},\"query-input\":{\"@type\":\"PropertyValueSpecification\",\"valueRequired\":true,\"valueName\":\"search_term_string\"}}],\"inLanguage\":\"en-US\"},{\"@type\":\"Organization\",\"@id\":\"https:\/\/eeclectic.de\/en\/#organization\",\"name\":\"EECLECTIC\",\"url\":\"https:\/\/eeclectic.de\/en\/\",\"logo\":{\"@type\":\"ImageObject\",\"inLanguage\":\"en-US\",\"@id\":\"https:\/\/eeclectic.de\/en\/#\/schema\/logo\/image\/\",\"url\":\"https:\/\/eeclectic.de\/wp-content\/uploads\/2018\/03\/ee-logo.svg\",\"contentUrl\":\"https:\/\/eeclectic.de\/wp-content\/uploads\/2018\/03\/ee-logo.svg\",\"caption\":\"EECLECTIC\"},\"image\":{\"@id\":\"https:\/\/eeclectic.de\/en\/#\/schema\/logo\/image\/\"}}]}<\/script>\n<!-- \/ Yoast SEO plugin. -->","yoast_head_json":{"title":"Gemeingut Stadt &#8211; EECLECTIC","description":"In diesem von Mathias Heyden herausgegebenen Heft f\u00fchrt Stavrides in sein Nachdenken \u00fcber das Gemeingut Stadt ein. Am Beispiel besetzter Pl\u00e4tze, selbstverwalteter Einrichtungen und autonomer Nachbarschaften in Griechenland und Lateinamerika veranschaulicht er seine Theorie eines st\u00e4dtischen Gemeinschaffens, das im Kontext der globalen Debatten und K\u00e4mpfe um soziale und \u00f6konomische Gerechtigkeit einen m\u00f6glichen Weg hin zu einer in der Tat emanzipierten Gesellschaft weist","robots":{"index":"index","follow":"follow","max-snippet":"max-snippet:-1","max-image-preview":"max-image-preview:large","max-video-preview":"max-video-preview:-1"},"canonical":"https:\/\/eeclectic.de\/en\/produkt\/gemeingut-stadt\/","og_locale":"en_US","og_type":"article","og_title":"Gemeingut Stadt &#8211; EECLECTIC","og_description":"In diesem von Mathias Heyden herausgegebenen Heft f\u00fchrt Stavrides in sein Nachdenken \u00fcber das Gemeingut Stadt ein. Am Beispiel besetzter Pl\u00e4tze, selbstverwalteter Einrichtungen und autonomer Nachbarschaften in Griechenland und Lateinamerika veranschaulicht er seine Theorie eines st\u00e4dtischen Gemeinschaffens, das im Kontext der globalen Debatten und K\u00e4mpfe um soziale und \u00f6konomische Gerechtigkeit einen m\u00f6glichen Weg hin zu einer in der Tat emanzipierten Gesellschaft weist","og_url":"https:\/\/eeclectic.de\/en\/produkt\/gemeingut-stadt\/","og_site_name":"EECLECTIC","article_modified_time":"2023-10-06T11:35:26+00:00","og_image":[{"width":768,"height":1084,"url":"https:\/\/eeclectic.de\/wp-content\/uploads\/2018\/02\/coverberlinerhefte4.jpg","type":"image\/jpeg"}],"twitter_card":"summary_large_image","twitter_misc":{"Est. reading time":"1 minute"},"schema":{"@context":"https:\/\/schema.org","@graph":[{"@type":"WebPage","@id":"https:\/\/eeclectic.de\/en\/produkt\/gemeingut-stadt\/","url":"https:\/\/eeclectic.de\/en\/produkt\/gemeingut-stadt\/","name":"Gemeingut Stadt &#8211; EECLECTIC","isPartOf":{"@id":"https:\/\/eeclectic.de\/en\/#website"},"primaryImageOfPage":{"@id":"https:\/\/eeclectic.de\/en\/produkt\/gemeingut-stadt\/#primaryimage"},"image":{"@id":"https:\/\/eeclectic.de\/produkt\/gemeingut-stadt\/#primaryimage"},"thumbnailUrl":"https:\/\/eeclectic.de\/wp-content\/uploads\/2018\/02\/coverberlinerhefte4.jpg","datePublished":"2018-05-03T14:04:01+00:00","dateModified":"2023-10-06T11:35:26+00:00","description":"In diesem von Mathias Heyden herausgegebenen Heft f\u00fchrt Stavrides in sein Nachdenken \u00fcber das Gemeingut Stadt ein. Am Beispiel besetzter Pl\u00e4tze, selbstverwalteter Einrichtungen und autonomer Nachbarschaften in Griechenland und Lateinamerika veranschaulicht er seine Theorie eines st\u00e4dtischen Gemeinschaffens, das im Kontext der globalen Debatten und K\u00e4mpfe um soziale und \u00f6konomische Gerechtigkeit einen m\u00f6glichen Weg hin zu einer in der Tat emanzipierten Gesellschaft weist","breadcrumb":{"@id":"https:\/\/eeclectic.de\/en\/produkt\/gemeingut-stadt\/#breadcrumb"},"inLanguage":"en-US","potentialAction":[{"@type":"ReadAction","target":[["https:\/\/eeclectic.de\/en\/produkt\/gemeingut-stadt\/"]]}]},{"@type":"ImageObject","inLanguage":"en-US","@id":"https:\/\/eeclectic.de\/en\/produkt\/gemeingut-stadt\/#primaryimage","url":"https:\/\/eeclectic.de\/wp-content\/uploads\/2018\/02\/coverberlinerhefte4.jpg","contentUrl":"https:\/\/eeclectic.de\/wp-content\/uploads\/2018\/02\/coverberlinerhefte4.jpg","width":768,"height":1084,"caption":"coverberlinerhefte4"},{"@type":"BreadcrumbList","@id":"https:\/\/eeclectic.de\/en\/produkt\/gemeingut-stadt\/#breadcrumb","itemListElement":[{"@type":"ListItem","position":1,"name":"Home","item":"https:\/\/eeclectic.de\/en\/"},{"@type":"ListItem","position":2,"name":"Publikationen","item":"https:\/\/eeclectic.de\/en\/publikationen\/"},{"@type":"ListItem","position":3,"name":"Gemeingut Stadt"}]},{"@type":"WebSite","@id":"https:\/\/eeclectic.de\/en\/#website","url":"https:\/\/eeclectic.de\/en\/","name":"EECLECTIC","description":"Digital Publishing for Visual Culture","publisher":{"@id":"https:\/\/eeclectic.de\/en\/#organization"},"potentialAction":[{"@type":"SearchAction","target":{"@type":"EntryPoint","urlTemplate":"https:\/\/eeclectic.de\/en\/?s={search_term_string}"},"query-input":{"@type":"PropertyValueSpecification","valueRequired":true,"valueName":"search_term_string"}}],"inLanguage":"en-US"},{"@type":"Organization","@id":"https:\/\/eeclectic.de\/en\/#organization","name":"EECLECTIC","url":"https:\/\/eeclectic.de\/en\/","logo":{"@type":"ImageObject","inLanguage":"en-US","@id":"https:\/\/eeclectic.de\/en\/#\/schema\/logo\/image\/","url":"https:\/\/eeclectic.de\/wp-content\/uploads\/2018\/03\/ee-logo.svg","contentUrl":"https:\/\/eeclectic.de\/wp-content\/uploads\/2018\/03\/ee-logo.svg","caption":"EECLECTIC"},"image":{"@id":"https:\/\/eeclectic.de\/en\/#\/schema\/logo\/image\/"}}]}},"_links":{"self":[{"href":"https:\/\/eeclectic.de\/en\/wp-json\/wp\/v2\/product\/1769","targetHints":{"allow":["GET"]}}],"collection":[{"href":"https:\/\/eeclectic.de\/en\/wp-json\/wp\/v2\/product"}],"about":[{"href":"https:\/\/eeclectic.de\/en\/wp-json\/wp\/v2\/types\/product"}],"wp:featuredmedia":[{"embeddable":true,"href":"https:\/\/eeclectic.de\/en\/wp-json\/wp\/v2\/media\/856"}],"wp:attachment":[{"href":"https:\/\/eeclectic.de\/en\/wp-json\/wp\/v2\/media?parent=1769"}],"wp:term":[{"taxonomy":"product_brand","embeddable":true,"href":"https:\/\/eeclectic.de\/en\/wp-json\/wp\/v2\/product_brand?post=1769"},{"taxonomy":"product_cat","embeddable":true,"href":"https:\/\/eeclectic.de\/en\/wp-json\/wp\/v2\/product_cat?post=1769"},{"taxonomy":"product_tag","embeddable":true,"href":"https:\/\/eeclectic.de\/en\/wp-json\/wp\/v2\/product_tag?post=1769"}],"curies":[{"name":"wp","href":"https:\/\/api.w.org\/{rel}","templated":true}]}}