{"id":17714,"date":"2025-05-09T18:12:10","date_gmt":"2025-05-09T16:12:10","guid":{"rendered":"https:\/\/eeclectic.de\/?post_type=product&#038;p=17714"},"modified":"2026-04-10T14:41:01","modified_gmt":"2026-04-10T12:41:01","slug":"things-that-were-are-things-again","status":"publish","type":"product","link":"https:\/\/eeclectic.de\/en\/produkt\/things-that-were-are-things-again\/","title":{"rendered":"Things That Were Are Things"},"content":{"rendered":"<p>What do art museums have to do with climate change? Do they need to radically transform the way they work? The publication <em>Things That Were Are Things Again<\/em> accompanies the collection exhibition of the same name at the GfZK \u2013 Museum of Contemporary Art Leipzig. This was the museum\u2019s first attempt to produce a climate-neutral exhibition. The curators and designers of the exhibition reflect on the two-year working process, during which they tried out resource-saving and climate-friendly strategies and dealt with climate change from various perspectives. 24 artistic positions, mainly works from the museum&#8217;s collection, but also several new productions, examined technological, political, economic and cultural aspects of climate change. How sustainable can plastic be? Have the \u2018tropics\u2019 always been the future? Can the principles of permaculture be applied to artistic endeavours?<\/p>\n<p>With works by Lara Almarcegui, Lars Bergmann, Kent Chan, C\u00e9line Condorelli, Katar\u00edna Dubovsk\u00e1, \u00d3lafur El\u00edasson, Till Exit, Ian Hamilton Finlay, Andrea Garcia Vasquez, Elizabeth Gerdeman, Interspecies Society, Christine Hill, Johanna Kandl, Inga Kerber, Imi Knoebel, Hanne Lippard, Muntean\/Rosenblum, Olaf Nicolai, Dan Peterman, Maren Roloff, Christoph Sch\u00e4fer, Sean Snyder, Sarah Sze, Auke de Vries<\/p>","protected":false},"excerpt":{"rendered":"<p>Do art museums need to radically transform the way they work? Perspectives on how to approach art in times of climate change, on the example of the collection of the GfZK \u2013 Museum of Contemporary Art Leipzig<\/p>\n","protected":false},"featured_media":17713,"template":"","meta":{"inline_featured_image":false,"site-sidebar-layout":"default","site-content-layout":"default","ast-site-content-layout":"default","site-content-style":"default","site-sidebar-style":"default","ast-global-header-display":"","ast-banner-title-visibility":"","ast-main-header-display":"","ast-hfb-above-header-display":"","ast-hfb-below-header-display":"","ast-hfb-mobile-header-display":"","site-post-title":"","ast-breadcrumbs-content":"","ast-featured-img":"","footer-sml-layout":"","theme-transparent-header-meta":"default","adv-header-id-meta":"","stick-header-meta":"default","header-above-stick-meta":"","header-main-stick-meta":"","header-below-stick-meta":"","astra-migrate-meta-layouts":"set","ast-page-background-enabled":"default","ast-page-background-meta":{"desktop":{"background-color":"var(--ast-global-color-4)","background-image":"","background-repeat":"repeat","background-position":"center center","background-size":"auto","background-attachment":"scroll","background-type":"","background-media":"","overlay-type":"","overlay-color":"","overlay-opacity":"","overlay-gradient":""},"tablet":{"background-color":"","background-image":"","background-repeat":"repeat","background-position":"center center","background-size":"auto","background-attachment":"scroll","background-type":"","background-media":"","overlay-type":"","overlay-color":"","overlay-opacity":"","overlay-gradient":""},"mobile":{"background-color":"","background-image":"","background-repeat":"repeat","background-position":"center center","background-size":"auto","background-attachment":"scroll","background-type":"","background-media":"","overlay-type":"","overlay-color":"","overlay-opacity":"","overlay-gradient":""}},"ast-content-background-meta":{"desktop":{"background-color":"var(--ast-global-color-5)","background-image":"","background-repeat":"repeat","background-position":"center center","background-size":"auto","background-attachment":"scroll","background-type":"","background-media":"","overlay-type":"","overlay-color":"","overlay-opacity":"","overlay-gradient":""},"tablet":{"background-color":"var(--ast-global-color-5)","background-image":"","background-repeat":"repeat","background-position":"center center","background-size":"auto","background-attachment":"scroll","background-type":"","background-media":"","overlay-type":"","overlay-color":"","overlay-opacity":"","overlay-gradient":""},"mobile":{"background-color":"var(--ast-global-color-5)","background-image":"","background-repeat":"repeat","background-position":"center center","background-size":"auto","background-attachment":"scroll","background-type":"","background-media":"","overlay-type":"","overlay-color":"","overlay-opacity":"","overlay-gradient":""}}},"product_brand":[],"product_cat":[287,275,599,67],"product_tag":[602,603,601,600,210,604],"class_list":{"0":"post-17714","1":"product","2":"type-product","3":"status-publish","4":"has-post-thumbnail","6":"writers-franciska-zolyom","7":"writers-julia-eckert","8":"reihe-vorschau","9":"product_cat-e-book","10":"product_cat-gesellschaft","11":"product_cat-oekologie","12":"product_cat-kunst","13":"product_tag-gruenes-museum","14":"product_tag-klimawandel","15":"product_tag-kuratorische-praxis","16":"product_tag-nachhaltigkeit","17":"product_tag-oekologie","18":"product_tag-zeitgenoessische-kunst","19":"desktop-align-left","20":"tablet-align-left","21":"mobile-align-left","22":"ast-product-gallery-layout-horizontal-slider","23":"ast-magnify-disabled","24":"ast-product-single-variable","25":"ast-product-tabs-layout-horizontal","27":"first","28":"outofstock","29":"taxable","30":"shipping-taxable","31":"product-type-variable","32":"has-default-attributes"},"acf":[],"yoast_head":"<!-- This site is optimized with the Yoast SEO plugin v25.3 - https:\/\/yoast.com\/wordpress\/plugins\/seo\/ -->\n<title>Things That Were Are Things &#8211; EECLECTIC<\/title>\n<meta name=\"description\" content=\"The publication shows the work In Leder by the artist K\u00e4the Kruse. In Leder consists of 20 leather-covered instruments. The starting point was the drum kit that K\u00e4the Kruse played in the iconic band Die T\u00f6dliche Doris in the 1980s and which she \u201cleathered in\u201d as the first of the instruments in an act of transforma % % tion and redefinition. This was followed by the guitar, bass, violin, clarinet, recorder, rattles, accordion, cymbals, kettle, xylophon, and claves, which, once covered in leather, became objects in their own right. The new sounds can be heard, and the instruments can be played in the e-book.\" \/>\n<meta name=\"robots\" content=\"index, follow, max-snippet:-1, max-image-preview:large, max-video-preview:-1\" \/>\n<link rel=\"canonical\" href=\"https:\/\/eeclectic.de\/en\/produkt\/things-that-were-are-things-again\/\" \/>\n<meta property=\"og:locale\" content=\"en_US\" \/>\n<meta property=\"og:type\" content=\"article\" \/>\n<meta property=\"og:title\" content=\"Things That Were Are Things &#8211; EECLECTIC\" \/>\n<meta property=\"og:description\" content=\"The publication shows the work In Leder by the artist K\u00e4the Kruse. In Leder consists of 20 leather-covered instruments. The starting point was the drum kit that K\u00e4the Kruse played in the iconic band Die T\u00f6dliche Doris in the 1980s and which she \u201cleathered in\u201d as the first of the instruments in an act of transforma % % tion and redefinition. This was followed by the guitar, bass, violin, clarinet, recorder, rattles, accordion, cymbals, kettle, xylophon, and claves, which, once covered in leather, became objects in their own right. The new sounds can be heard, and the instruments can be played in the e-book.\" \/>\n<meta property=\"og:url\" content=\"https:\/\/eeclectic.de\/en\/produkt\/things-that-were-are-things-again\/\" \/>\n<meta property=\"og:site_name\" content=\"EECLECTIC\" \/>\n<meta property=\"article:modified_time\" content=\"2026-04-10T12:41:01+00:00\" \/>\n<meta property=\"og:image\" content=\"https:\/\/eeclectic.de\/wp-content\/uploads\/2025\/05\/cover-ttwata.jpg\" \/>\n\t<meta property=\"og:image:width\" content=\"1600\" \/>\n\t<meta property=\"og:image:height\" content=\"2258\" \/>\n\t<meta property=\"og:image:type\" content=\"image\/jpeg\" \/>\n<meta name=\"twitter:card\" content=\"summary_large_image\" \/>\n<meta name=\"twitter:label1\" content=\"Est. reading time\" \/>\n\t<meta name=\"twitter:data1\" content=\"2 minutes\" \/>\n<script type=\"application\/ld+json\" class=\"yoast-schema-graph\">{\"@context\":\"https:\/\/schema.org\",\"@graph\":[{\"@type\":\"WebPage\",\"@id\":\"https:\/\/eeclectic.de\/en\/produkt\/things-that-were-are-things-again\/\",\"url\":\"https:\/\/eeclectic.de\/en\/produkt\/things-that-were-are-things-again\/\",\"name\":\"Things That Were Are Things &#8211; EECLECTIC\",\"isPartOf\":{\"@id\":\"https:\/\/eeclectic.de\/en\/#website\"},\"primaryImageOfPage\":{\"@id\":\"https:\/\/eeclectic.de\/en\/produkt\/things-that-were-are-things-again\/#primaryimage\"},\"image\":{\"@id\":\"https:\/\/eeclectic.de\/produkt\/things-that-were-are-things-again\/#primaryimage\"},\"thumbnailUrl\":\"https:\/\/eeclectic.de\/wp-content\/uploads\/2025\/05\/cover-ttwata.jpg\",\"datePublished\":\"2025-05-09T16:12:10+00:00\",\"dateModified\":\"2026-04-10T12:41:01+00:00\",\"description\":\"The publication shows the work In Leder by the artist K\u00e4the Kruse. In Leder consists of 20 leather-covered instruments. The starting point was the drum kit that K\u00e4the Kruse played in the iconic band Die T\u00f6dliche Doris in the 1980s and which she \u201cleathered in\u201d as the first of the instruments in an act of transforma % % tion and redefinition. This was followed by the guitar, bass, violin, clarinet, recorder, rattles, accordion, cymbals, kettle, xylophon, and claves, which, once covered in leather, became objects in their own right. The new sounds can be heard, and the instruments can be played in the e-book.\",\"breadcrumb\":{\"@id\":\"https:\/\/eeclectic.de\/en\/produkt\/things-that-were-are-things-again\/#breadcrumb\"},\"inLanguage\":\"en-US\",\"potentialAction\":[{\"@type\":\"ReadAction\",\"target\":[[\"https:\/\/eeclectic.de\/en\/produkt\/things-that-were-are-things-again\/\"]]}]},{\"@type\":\"ImageObject\",\"inLanguage\":\"en-US\",\"@id\":\"https:\/\/eeclectic.de\/en\/produkt\/things-that-were-are-things-again\/#primaryimage\",\"url\":\"https:\/\/eeclectic.de\/wp-content\/uploads\/2025\/05\/cover-ttwata.jpg\",\"contentUrl\":\"https:\/\/eeclectic.de\/wp-content\/uploads\/2025\/05\/cover-ttwata.jpg\",\"width\":1600,\"height\":2258},{\"@type\":\"BreadcrumbList\",\"@id\":\"https:\/\/eeclectic.de\/en\/produkt\/things-that-were-are-things-again\/#breadcrumb\",\"itemListElement\":[{\"@type\":\"ListItem\",\"position\":1,\"name\":\"Home\",\"item\":\"https:\/\/eeclectic.de\/en\/\"},{\"@type\":\"ListItem\",\"position\":2,\"name\":\"Publikationen\",\"item\":\"https:\/\/eeclectic.de\/en\/publikationen\/\"},{\"@type\":\"ListItem\",\"position\":3,\"name\":\"Things That Were Are Things Again\"}]},{\"@type\":\"WebSite\",\"@id\":\"https:\/\/eeclectic.de\/en\/#website\",\"url\":\"https:\/\/eeclectic.de\/en\/\",\"name\":\"EECLECTIC\",\"description\":\"Digital Publishing for Visual Culture\",\"publisher\":{\"@id\":\"https:\/\/eeclectic.de\/en\/#organization\"},\"potentialAction\":[{\"@type\":\"SearchAction\",\"target\":{\"@type\":\"EntryPoint\",\"urlTemplate\":\"https:\/\/eeclectic.de\/en\/?s={search_term_string}\"},\"query-input\":{\"@type\":\"PropertyValueSpecification\",\"valueRequired\":true,\"valueName\":\"search_term_string\"}}],\"inLanguage\":\"en-US\"},{\"@type\":\"Organization\",\"@id\":\"https:\/\/eeclectic.de\/en\/#organization\",\"name\":\"EECLECTIC\",\"url\":\"https:\/\/eeclectic.de\/en\/\",\"logo\":{\"@type\":\"ImageObject\",\"inLanguage\":\"en-US\",\"@id\":\"https:\/\/eeclectic.de\/en\/#\/schema\/logo\/image\/\",\"url\":\"https:\/\/eeclectic.de\/wp-content\/uploads\/2018\/03\/ee-logo.svg\",\"contentUrl\":\"https:\/\/eeclectic.de\/wp-content\/uploads\/2018\/03\/ee-logo.svg\",\"caption\":\"EECLECTIC\"},\"image\":{\"@id\":\"https:\/\/eeclectic.de\/en\/#\/schema\/logo\/image\/\"}}]}<\/script>\n<!-- \/ Yoast SEO plugin. -->","yoast_head_json":{"title":"Things That Were Are Things &#8211; EECLECTIC","description":"The publication shows the work In Leder by the artist K\u00e4the Kruse. In Leder consists of 20 leather-covered instruments. The starting point was the drum kit that K\u00e4the Kruse played in the iconic band Die T\u00f6dliche Doris in the 1980s and which she \u201cleathered in\u201d as the first of the instruments in an act of transforma % % tion and redefinition. This was followed by the guitar, bass, violin, clarinet, recorder, rattles, accordion, cymbals, kettle, xylophon, and claves, which, once covered in leather, became objects in their own right. The new sounds can be heard, and the instruments can be played in the e-book.","robots":{"index":"index","follow":"follow","max-snippet":"max-snippet:-1","max-image-preview":"max-image-preview:large","max-video-preview":"max-video-preview:-1"},"canonical":"https:\/\/eeclectic.de\/en\/produkt\/things-that-were-are-things-again\/","og_locale":"en_US","og_type":"article","og_title":"Things That Were Are Things &#8211; EECLECTIC","og_description":"The publication shows the work In Leder by the artist K\u00e4the Kruse. In Leder consists of 20 leather-covered instruments. The starting point was the drum kit that K\u00e4the Kruse played in the iconic band Die T\u00f6dliche Doris in the 1980s and which she \u201cleathered in\u201d as the first of the instruments in an act of transforma % % tion and redefinition. This was followed by the guitar, bass, violin, clarinet, recorder, rattles, accordion, cymbals, kettle, xylophon, and claves, which, once covered in leather, became objects in their own right. The new sounds can be heard, and the instruments can be played in the e-book.","og_url":"https:\/\/eeclectic.de\/en\/produkt\/things-that-were-are-things-again\/","og_site_name":"EECLECTIC","article_modified_time":"2026-04-10T12:41:01+00:00","og_image":[{"width":1600,"height":2258,"url":"https:\/\/eeclectic.de\/wp-content\/uploads\/2025\/05\/cover-ttwata.jpg","type":"image\/jpeg"}],"twitter_card":"summary_large_image","twitter_misc":{"Est. reading time":"2 minutes"},"schema":{"@context":"https:\/\/schema.org","@graph":[{"@type":"WebPage","@id":"https:\/\/eeclectic.de\/en\/produkt\/things-that-were-are-things-again\/","url":"https:\/\/eeclectic.de\/en\/produkt\/things-that-were-are-things-again\/","name":"Things That Were Are Things &#8211; EECLECTIC","isPartOf":{"@id":"https:\/\/eeclectic.de\/en\/#website"},"primaryImageOfPage":{"@id":"https:\/\/eeclectic.de\/en\/produkt\/things-that-were-are-things-again\/#primaryimage"},"image":{"@id":"https:\/\/eeclectic.de\/produkt\/things-that-were-are-things-again\/#primaryimage"},"thumbnailUrl":"https:\/\/eeclectic.de\/wp-content\/uploads\/2025\/05\/cover-ttwata.jpg","datePublished":"2025-05-09T16:12:10+00:00","dateModified":"2026-04-10T12:41:01+00:00","description":"The publication shows the work In Leder by the artist K\u00e4the Kruse. In Leder consists of 20 leather-covered instruments. The starting point was the drum kit that K\u00e4the Kruse played in the iconic band Die T\u00f6dliche Doris in the 1980s and which she \u201cleathered in\u201d as the first of the instruments in an act of transforma % % tion and redefinition. This was followed by the guitar, bass, violin, clarinet, recorder, rattles, accordion, cymbals, kettle, xylophon, and claves, which, once covered in leather, became objects in their own right. The new sounds can be heard, and the instruments can be played in the e-book.","breadcrumb":{"@id":"https:\/\/eeclectic.de\/en\/produkt\/things-that-were-are-things-again\/#breadcrumb"},"inLanguage":"en-US","potentialAction":[{"@type":"ReadAction","target":[["https:\/\/eeclectic.de\/en\/produkt\/things-that-were-are-things-again\/"]]}]},{"@type":"ImageObject","inLanguage":"en-US","@id":"https:\/\/eeclectic.de\/en\/produkt\/things-that-were-are-things-again\/#primaryimage","url":"https:\/\/eeclectic.de\/wp-content\/uploads\/2025\/05\/cover-ttwata.jpg","contentUrl":"https:\/\/eeclectic.de\/wp-content\/uploads\/2025\/05\/cover-ttwata.jpg","width":1600,"height":2258},{"@type":"BreadcrumbList","@id":"https:\/\/eeclectic.de\/en\/produkt\/things-that-were-are-things-again\/#breadcrumb","itemListElement":[{"@type":"ListItem","position":1,"name":"Home","item":"https:\/\/eeclectic.de\/en\/"},{"@type":"ListItem","position":2,"name":"Publikationen","item":"https:\/\/eeclectic.de\/en\/publikationen\/"},{"@type":"ListItem","position":3,"name":"Things That Were Are Things Again"}]},{"@type":"WebSite","@id":"https:\/\/eeclectic.de\/en\/#website","url":"https:\/\/eeclectic.de\/en\/","name":"EECLECTIC","description":"Digital Publishing for Visual Culture","publisher":{"@id":"https:\/\/eeclectic.de\/en\/#organization"},"potentialAction":[{"@type":"SearchAction","target":{"@type":"EntryPoint","urlTemplate":"https:\/\/eeclectic.de\/en\/?s={search_term_string}"},"query-input":{"@type":"PropertyValueSpecification","valueRequired":true,"valueName":"search_term_string"}}],"inLanguage":"en-US"},{"@type":"Organization","@id":"https:\/\/eeclectic.de\/en\/#organization","name":"EECLECTIC","url":"https:\/\/eeclectic.de\/en\/","logo":{"@type":"ImageObject","inLanguage":"en-US","@id":"https:\/\/eeclectic.de\/en\/#\/schema\/logo\/image\/","url":"https:\/\/eeclectic.de\/wp-content\/uploads\/2018\/03\/ee-logo.svg","contentUrl":"https:\/\/eeclectic.de\/wp-content\/uploads\/2018\/03\/ee-logo.svg","caption":"EECLECTIC"},"image":{"@id":"https:\/\/eeclectic.de\/en\/#\/schema\/logo\/image\/"}}]}},"_links":{"self":[{"href":"https:\/\/eeclectic.de\/en\/wp-json\/wp\/v2\/product\/17714","targetHints":{"allow":["GET"]}}],"collection":[{"href":"https:\/\/eeclectic.de\/en\/wp-json\/wp\/v2\/product"}],"about":[{"href":"https:\/\/eeclectic.de\/en\/wp-json\/wp\/v2\/types\/product"}],"wp:featuredmedia":[{"embeddable":true,"href":"https:\/\/eeclectic.de\/en\/wp-json\/wp\/v2\/media\/17713"}],"wp:attachment":[{"href":"https:\/\/eeclectic.de\/en\/wp-json\/wp\/v2\/media?parent=17714"}],"wp:term":[{"taxonomy":"product_brand","embeddable":true,"href":"https:\/\/eeclectic.de\/en\/wp-json\/wp\/v2\/product_brand?post=17714"},{"taxonomy":"product_cat","embeddable":true,"href":"https:\/\/eeclectic.de\/en\/wp-json\/wp\/v2\/product_cat?post=17714"},{"taxonomy":"product_tag","embeddable":true,"href":"https:\/\/eeclectic.de\/en\/wp-json\/wp\/v2\/product_tag?post=17714"}],"curies":[{"name":"wp","href":"https:\/\/api.w.org\/{rel}","templated":true}]}}