{"id":18,"date":"2018-02-14T13:04:54","date_gmt":"2018-02-14T12:04:54","guid":{"rendered":"https:\/\/eeclectic.de\/?post_type=product&#038;p=18"},"modified":"2023-10-06T13:35:45","modified_gmt":"2023-10-06T11:35:45","slug":"die-mauerpark-affaere","status":"publish","type":"product","link":"https:\/\/eeclectic.de\/en\/produkt\/die-mauerpark-affaere\/","title":{"rendered":"Die Mauerpark-Aff\u00e4re"},"content":{"rendered":"<p>The Mauerpark Affair<\/p>\n<p>Immediately after the fall of the Berlin Wall, local citizens took the initiative and began replanting a section of the former border strip between the districts of Prenzlauer Berg in East Berlin and Wedding in West Berlin.<\/p>\n<p>They thus literally laid the groundwork for a public park whose completion would prove to be a bone of contention for the next twenty-five years\u2014a period in which participatory planning procedures exhausted civic engagement, and social and spatial polarisation became increasingly extreme.<\/p>\n<p>As this detailed reconstruction of the history of Mauerpark illustrates, the site is no isolated example but rather symptomatic of developments in many parts of Berlin and other cities too: for what is at stake here is the reach of representative democracy.<\/p>","protected":false},"excerpt":{"rendered":"<p>#1 \/ The Mauerpark and democracy<\/p>\n","protected":false},"featured_media":854,"template":"","meta":{"inline_featured_image":false,"site-sidebar-layout":"default","site-content-layout":"default","ast-site-content-layout":"","site-content-style":"default","site-sidebar-style":"default","ast-global-header-display":"","ast-banner-title-visibility":"","ast-main-header-display":"","ast-hfb-above-header-display":"","ast-hfb-below-header-display":"","ast-hfb-mobile-header-display":"","site-post-title":"","ast-breadcrumbs-content":"","ast-featured-img":"","footer-sml-layout":"","theme-transparent-header-meta":"default","adv-header-id-meta":"","stick-header-meta":"default","header-above-stick-meta":"","header-main-stick-meta":"","header-below-stick-meta":"","astra-migrate-meta-layouts":"default","ast-page-background-enabled":"default","ast-page-background-meta":{"desktop":{"background-color":"var(--ast-global-color-4)","background-image":"","background-repeat":"repeat","background-position":"center center","background-size":"auto","background-attachment":"scroll","background-type":"","background-media":"","overlay-type":"","overlay-color":"","overlay-opacity":"","overlay-gradient":""},"tablet":{"background-color":"","background-image":"","background-repeat":"repeat","background-position":"center center","background-size":"auto","background-attachment":"scroll","background-type":"","background-media":"","overlay-type":"","overlay-color":"","overlay-opacity":"","overlay-gradient":""},"mobile":{"background-color":"","background-image":"","background-repeat":"repeat","background-position":"center center","background-size":"auto","background-attachment":"scroll","background-type":"","background-media":"","overlay-type":"","overlay-color":"","overlay-opacity":"","overlay-gradient":""}},"ast-content-background-meta":{"desktop":{"background-color":"var(--ast-global-color-5)","background-image":"","background-repeat":"repeat","background-position":"center center","background-size":"auto","background-attachment":"scroll","background-type":"","background-media":"","overlay-type":"","overlay-color":"","overlay-opacity":"","overlay-gradient":""},"tablet":{"background-color":"var(--ast-global-color-5)","background-image":"","background-repeat":"repeat","background-position":"center center","background-size":"auto","background-attachment":"scroll","background-type":"","background-media":"","overlay-type":"","overlay-color":"","overlay-opacity":"","overlay-gradient":""},"mobile":{"background-color":"var(--ast-global-color-5)","background-image":"","background-repeat":"repeat","background-position":"center center","background-size":"auto","background-attachment":"scroll","background-type":"","background-media":"","overlay-type":"","overlay-color":"","overlay-opacity":"","overlay-gradient":""}}},"product_brand":[],"product_cat":[235,275,274,61],"product_tag":[84,114,112,51,69,143,110,53,52],"class_list":{"0":"post-18","1":"product","2":"type-product","3":"status-publish","4":"has-post-thumbnail","6":"writers-heimo-lattner","7":"writers-judith-laub","8":"reihe-berliner-hefte","9":"product_cat-fotografie","10":"product_cat-gesellschaft","11":"product_cat-politik","12":"product_cat-stadt","13":"product_tag-berlin","14":"product_tag-buergerbeteiligung","15":"product_tag-ddr","16":"product_tag-mauerpark","17":"product_tag-politics","18":"product_tag-selbstermaechtigung","19":"product_tag-stadtentwicklung","20":"product_tag-wirtschaft","21":"product_tag-wohnungsbau","22":"desktop-align-left","23":"tablet-align-left","24":"mobile-align-left","25":"ast-product-gallery-layout-horizontal-slider","26":"ast-magnify-disabled","27":"ast-product-single-variable","28":"ast-product-tabs-layout-horizontal","30":"first","31":"instock","32":"taxable","33":"shipping-taxable","34":"purchasable","35":"product-type-variable","36":"has-default-attributes"},"acf":[],"yoast_head":"<!-- This site is optimized with the Yoast SEO plugin v25.3 - https:\/\/yoast.com\/wordpress\/plugins\/seo\/ -->\n<title>Die Mauerpark-Aff\u00e4re &#8211; EECLECTIC<\/title>\n<meta name=\"description\" content=\"Unmittelbar nach dem Fall der Berliner Mauer beginnen B\u00fcrger*innen eigenm\u00e4chtig mit der Begr\u00fcnung eines Teils des ehemaligen Grenzstreifens zwischen den Bezirken Prenzlauer Berg und Wedding. So schaffen sie die Grundlage f\u00fcr einen Park, um dessen Fertigstellung die folgenden 25 Jahre gerungen wird, dem Mauerpark.\" \/>\n<meta name=\"robots\" content=\"index, follow, max-snippet:-1, max-image-preview:large, max-video-preview:-1\" \/>\n<link rel=\"canonical\" href=\"https:\/\/eeclectic.de\/en\/produkt\/die-mauerpark-affaere\/\" \/>\n<meta property=\"og:locale\" content=\"en_US\" \/>\n<meta property=\"og:type\" content=\"article\" \/>\n<meta property=\"og:title\" content=\"Die Mauerpark-Aff\u00e4re &#8211; EECLECTIC\" \/>\n<meta property=\"og:description\" content=\"Unmittelbar nach dem Fall der Berliner Mauer beginnen B\u00fcrger*innen eigenm\u00e4chtig mit der Begr\u00fcnung eines Teils des ehemaligen Grenzstreifens zwischen den Bezirken Prenzlauer Berg und Wedding. So schaffen sie die Grundlage f\u00fcr einen Park, um dessen Fertigstellung die folgenden 25 Jahre gerungen wird, dem Mauerpark.\" \/>\n<meta property=\"og:url\" content=\"https:\/\/eeclectic.de\/en\/produkt\/die-mauerpark-affaere\/\" \/>\n<meta property=\"og:site_name\" content=\"EECLECTIC\" \/>\n<meta property=\"article:modified_time\" content=\"2023-10-06T11:35:45+00:00\" \/>\n<meta property=\"og:image\" content=\"https:\/\/eeclectic.de\/wp-content\/uploads\/2018\/02\/coverberlinerhefte1.jpg\" \/>\n\t<meta property=\"og:image:width\" content=\"768\" \/>\n\t<meta property=\"og:image:height\" content=\"1084\" \/>\n\t<meta property=\"og:image:type\" content=\"image\/jpeg\" \/>\n<meta name=\"twitter:card\" content=\"summary_large_image\" \/>\n<meta name=\"twitter:label1\" content=\"Est. reading time\" \/>\n\t<meta name=\"twitter:data1\" content=\"1 minute\" \/>\n<script type=\"application\/ld+json\" class=\"yoast-schema-graph\">{\"@context\":\"https:\/\/schema.org\",\"@graph\":[{\"@type\":\"WebPage\",\"@id\":\"https:\/\/eeclectic.de\/en\/produkt\/die-mauerpark-affaere\/\",\"url\":\"https:\/\/eeclectic.de\/en\/produkt\/die-mauerpark-affaere\/\",\"name\":\"Die Mauerpark-Aff\u00e4re &#8211; EECLECTIC\",\"isPartOf\":{\"@id\":\"https:\/\/eeclectic.de\/en\/#website\"},\"primaryImageOfPage\":{\"@id\":\"https:\/\/eeclectic.de\/en\/produkt\/die-mauerpark-affaere\/#primaryimage\"},\"image\":{\"@id\":\"https:\/\/eeclectic.de\/produkt\/die-mauerpark-affaere\/#primaryimage\"},\"thumbnailUrl\":\"https:\/\/eeclectic.de\/wp-content\/uploads\/2018\/02\/coverberlinerhefte1.jpg\",\"datePublished\":\"2018-02-14T12:04:54+00:00\",\"dateModified\":\"2023-10-06T11:35:45+00:00\",\"description\":\"Unmittelbar nach dem Fall der Berliner Mauer beginnen B\u00fcrger*innen eigenm\u00e4chtig mit der Begr\u00fcnung eines Teils des ehemaligen Grenzstreifens zwischen den Bezirken Prenzlauer Berg und Wedding. So schaffen sie die Grundlage f\u00fcr einen Park, um dessen Fertigstellung die folgenden 25 Jahre gerungen wird, dem Mauerpark.\",\"breadcrumb\":{\"@id\":\"https:\/\/eeclectic.de\/en\/produkt\/die-mauerpark-affaere\/#breadcrumb\"},\"inLanguage\":\"en-US\",\"potentialAction\":[{\"@type\":\"ReadAction\",\"target\":[[\"https:\/\/eeclectic.de\/en\/produkt\/die-mauerpark-affaere\/\"]]}]},{\"@type\":\"ImageObject\",\"inLanguage\":\"en-US\",\"@id\":\"https:\/\/eeclectic.de\/en\/produkt\/die-mauerpark-affaere\/#primaryimage\",\"url\":\"https:\/\/eeclectic.de\/wp-content\/uploads\/2018\/02\/coverberlinerhefte1.jpg\",\"contentUrl\":\"https:\/\/eeclectic.de\/wp-content\/uploads\/2018\/02\/coverberlinerhefte1.jpg\",\"width\":768,\"height\":1084,\"caption\":\"coverberlinerhefte1\"},{\"@type\":\"BreadcrumbList\",\"@id\":\"https:\/\/eeclectic.de\/en\/produkt\/die-mauerpark-affaere\/#breadcrumb\",\"itemListElement\":[{\"@type\":\"ListItem\",\"position\":1,\"name\":\"Home\",\"item\":\"https:\/\/eeclectic.de\/en\/\"},{\"@type\":\"ListItem\",\"position\":2,\"name\":\"Publikationen\",\"item\":\"https:\/\/eeclectic.de\/en\/publikationen\/\"},{\"@type\":\"ListItem\",\"position\":3,\"name\":\"Die Mauerpark-Aff\u00e4re\"}]},{\"@type\":\"WebSite\",\"@id\":\"https:\/\/eeclectic.de\/en\/#website\",\"url\":\"https:\/\/eeclectic.de\/en\/\",\"name\":\"EECLECTIC\",\"description\":\"Digital Publishing for Visual Culture\",\"publisher\":{\"@id\":\"https:\/\/eeclectic.de\/en\/#organization\"},\"potentialAction\":[{\"@type\":\"SearchAction\",\"target\":{\"@type\":\"EntryPoint\",\"urlTemplate\":\"https:\/\/eeclectic.de\/en\/?s={search_term_string}\"},\"query-input\":{\"@type\":\"PropertyValueSpecification\",\"valueRequired\":true,\"valueName\":\"search_term_string\"}}],\"inLanguage\":\"en-US\"},{\"@type\":\"Organization\",\"@id\":\"https:\/\/eeclectic.de\/en\/#organization\",\"name\":\"EECLECTIC\",\"url\":\"https:\/\/eeclectic.de\/en\/\",\"logo\":{\"@type\":\"ImageObject\",\"inLanguage\":\"en-US\",\"@id\":\"https:\/\/eeclectic.de\/en\/#\/schema\/logo\/image\/\",\"url\":\"https:\/\/eeclectic.de\/wp-content\/uploads\/2018\/03\/ee-logo.svg\",\"contentUrl\":\"https:\/\/eeclectic.de\/wp-content\/uploads\/2018\/03\/ee-logo.svg\",\"caption\":\"EECLECTIC\"},\"image\":{\"@id\":\"https:\/\/eeclectic.de\/en\/#\/schema\/logo\/image\/\"}}]}<\/script>\n<!-- \/ Yoast SEO plugin. -->","yoast_head_json":{"title":"Die Mauerpark-Aff\u00e4re &#8211; EECLECTIC","description":"Unmittelbar nach dem Fall der Berliner Mauer beginnen B\u00fcrger*innen eigenm\u00e4chtig mit der Begr\u00fcnung eines Teils des ehemaligen Grenzstreifens zwischen den Bezirken Prenzlauer Berg und Wedding. So schaffen sie die Grundlage f\u00fcr einen Park, um dessen Fertigstellung die folgenden 25 Jahre gerungen wird, dem Mauerpark.","robots":{"index":"index","follow":"follow","max-snippet":"max-snippet:-1","max-image-preview":"max-image-preview:large","max-video-preview":"max-video-preview:-1"},"canonical":"https:\/\/eeclectic.de\/en\/produkt\/die-mauerpark-affaere\/","og_locale":"en_US","og_type":"article","og_title":"Die Mauerpark-Aff\u00e4re &#8211; EECLECTIC","og_description":"Unmittelbar nach dem Fall der Berliner Mauer beginnen B\u00fcrger*innen eigenm\u00e4chtig mit der Begr\u00fcnung eines Teils des ehemaligen Grenzstreifens zwischen den Bezirken Prenzlauer Berg und Wedding. So schaffen sie die Grundlage f\u00fcr einen Park, um dessen Fertigstellung die folgenden 25 Jahre gerungen wird, dem Mauerpark.","og_url":"https:\/\/eeclectic.de\/en\/produkt\/die-mauerpark-affaere\/","og_site_name":"EECLECTIC","article_modified_time":"2023-10-06T11:35:45+00:00","og_image":[{"width":768,"height":1084,"url":"https:\/\/eeclectic.de\/wp-content\/uploads\/2018\/02\/coverberlinerhefte1.jpg","type":"image\/jpeg"}],"twitter_card":"summary_large_image","twitter_misc":{"Est. reading time":"1 minute"},"schema":{"@context":"https:\/\/schema.org","@graph":[{"@type":"WebPage","@id":"https:\/\/eeclectic.de\/en\/produkt\/die-mauerpark-affaere\/","url":"https:\/\/eeclectic.de\/en\/produkt\/die-mauerpark-affaere\/","name":"Die Mauerpark-Aff\u00e4re &#8211; EECLECTIC","isPartOf":{"@id":"https:\/\/eeclectic.de\/en\/#website"},"primaryImageOfPage":{"@id":"https:\/\/eeclectic.de\/en\/produkt\/die-mauerpark-affaere\/#primaryimage"},"image":{"@id":"https:\/\/eeclectic.de\/produkt\/die-mauerpark-affaere\/#primaryimage"},"thumbnailUrl":"https:\/\/eeclectic.de\/wp-content\/uploads\/2018\/02\/coverberlinerhefte1.jpg","datePublished":"2018-02-14T12:04:54+00:00","dateModified":"2023-10-06T11:35:45+00:00","description":"Unmittelbar nach dem Fall der Berliner Mauer beginnen B\u00fcrger*innen eigenm\u00e4chtig mit der Begr\u00fcnung eines Teils des ehemaligen Grenzstreifens zwischen den Bezirken Prenzlauer Berg und Wedding. So schaffen sie die Grundlage f\u00fcr einen Park, um dessen Fertigstellung die folgenden 25 Jahre gerungen wird, dem Mauerpark.","breadcrumb":{"@id":"https:\/\/eeclectic.de\/en\/produkt\/die-mauerpark-affaere\/#breadcrumb"},"inLanguage":"en-US","potentialAction":[{"@type":"ReadAction","target":[["https:\/\/eeclectic.de\/en\/produkt\/die-mauerpark-affaere\/"]]}]},{"@type":"ImageObject","inLanguage":"en-US","@id":"https:\/\/eeclectic.de\/en\/produkt\/die-mauerpark-affaere\/#primaryimage","url":"https:\/\/eeclectic.de\/wp-content\/uploads\/2018\/02\/coverberlinerhefte1.jpg","contentUrl":"https:\/\/eeclectic.de\/wp-content\/uploads\/2018\/02\/coverberlinerhefte1.jpg","width":768,"height":1084,"caption":"coverberlinerhefte1"},{"@type":"BreadcrumbList","@id":"https:\/\/eeclectic.de\/en\/produkt\/die-mauerpark-affaere\/#breadcrumb","itemListElement":[{"@type":"ListItem","position":1,"name":"Home","item":"https:\/\/eeclectic.de\/en\/"},{"@type":"ListItem","position":2,"name":"Publikationen","item":"https:\/\/eeclectic.de\/en\/publikationen\/"},{"@type":"ListItem","position":3,"name":"Die Mauerpark-Aff\u00e4re"}]},{"@type":"WebSite","@id":"https:\/\/eeclectic.de\/en\/#website","url":"https:\/\/eeclectic.de\/en\/","name":"EECLECTIC","description":"Digital Publishing for Visual Culture","publisher":{"@id":"https:\/\/eeclectic.de\/en\/#organization"},"potentialAction":[{"@type":"SearchAction","target":{"@type":"EntryPoint","urlTemplate":"https:\/\/eeclectic.de\/en\/?s={search_term_string}"},"query-input":{"@type":"PropertyValueSpecification","valueRequired":true,"valueName":"search_term_string"}}],"inLanguage":"en-US"},{"@type":"Organization","@id":"https:\/\/eeclectic.de\/en\/#organization","name":"EECLECTIC","url":"https:\/\/eeclectic.de\/en\/","logo":{"@type":"ImageObject","inLanguage":"en-US","@id":"https:\/\/eeclectic.de\/en\/#\/schema\/logo\/image\/","url":"https:\/\/eeclectic.de\/wp-content\/uploads\/2018\/03\/ee-logo.svg","contentUrl":"https:\/\/eeclectic.de\/wp-content\/uploads\/2018\/03\/ee-logo.svg","caption":"EECLECTIC"},"image":{"@id":"https:\/\/eeclectic.de\/en\/#\/schema\/logo\/image\/"}}]}},"_links":{"self":[{"href":"https:\/\/eeclectic.de\/en\/wp-json\/wp\/v2\/product\/18","targetHints":{"allow":["GET"]}}],"collection":[{"href":"https:\/\/eeclectic.de\/en\/wp-json\/wp\/v2\/product"}],"about":[{"href":"https:\/\/eeclectic.de\/en\/wp-json\/wp\/v2\/types\/product"}],"wp:featuredmedia":[{"embeddable":true,"href":"https:\/\/eeclectic.de\/en\/wp-json\/wp\/v2\/media\/854"}],"wp:attachment":[{"href":"https:\/\/eeclectic.de\/en\/wp-json\/wp\/v2\/media?parent=18"}],"wp:term":[{"taxonomy":"product_brand","embeddable":true,"href":"https:\/\/eeclectic.de\/en\/wp-json\/wp\/v2\/product_brand?post=18"},{"taxonomy":"product_cat","embeddable":true,"href":"https:\/\/eeclectic.de\/en\/wp-json\/wp\/v2\/product_cat?post=18"},{"taxonomy":"product_tag","embeddable":true,"href":"https:\/\/eeclectic.de\/en\/wp-json\/wp\/v2\/product_tag?post=18"}],"curies":[{"name":"wp","href":"https:\/\/api.w.org\/{rel}","templated":true}]}}