{"id":381,"date":"2018-06-01T17:57:29","date_gmt":"2018-06-01T15:57:29","guid":{"rendered":"https:\/\/eeclectic.de\/?post_type=product&#038;p=381"},"modified":"2024-10-22T16:39:17","modified_gmt":"2024-10-22T14:39:17","slug":"zur-verfassung","status":"publish","type":"product","link":"https:\/\/eeclectic.de\/en\/produkt\/zur-verfassung\/","title":{"rendered":"Zur Verfassung. Recherchen, Dokumente 1989\u20132017"},"content":{"rendered":"<p>In 1990, a constitution with wide-ranging civil rights was in effect in East Berlin for half a year. These civil rights had been formulated by the citizens\u2019 movements and the opposition at the Central Round Table of the GDR, based on the experiences of the 1989 revolution.<\/p>\n<p>In the first parliament of the reunited Berlin, efforts to anchor these expanded political rights in the new constitution were largely defeated. However, a provision for legislation by the people was adopted.<\/p>\n<p>As a result, in the state of Berlin laws can be passed directly without the parliament by popular vote. In recent years, two laws have been passed in this way: the public disclosure of municipal water contracts and the preservation of the Tempelhofer Feld. Although a majority of Berliners\u2014in all districts\u2014voted in favor of the latter in May 2014, the governing parties soon tried to overturn this legislation passed by the citizens. In response, a new citizens\u2019 legislative proposal, \u201cVolksentscheid Retten\u201d, was initiated in 2016 to strengthen legislation by popular vote in the constitution.<\/p>\n<p>These two processes, in 1989\/90 and 2016, aimed to enable all Berliners to participate in shaping the constitution. This book traces the connection between the two.<\/p>","protected":false},"excerpt":{"rendered":"<p>#5 \/ From the Central Round Table of the GDR to the Tempelhofer Feld<\/p>\n","protected":false},"featured_media":858,"template":"","meta":{"inline_featured_image":false,"site-sidebar-layout":"default","site-content-layout":"default","ast-site-content-layout":"default","site-content-style":"default","site-sidebar-style":"default","ast-global-header-display":"","ast-banner-title-visibility":"","ast-main-header-display":"","ast-hfb-above-header-display":"","ast-hfb-below-header-display":"","ast-hfb-mobile-header-display":"","site-post-title":"","ast-breadcrumbs-content":"","ast-featured-img":"","footer-sml-layout":"","theme-transparent-header-meta":"default","adv-header-id-meta":"","stick-header-meta":"default","header-above-stick-meta":"","header-main-stick-meta":"","header-below-stick-meta":"","astra-migrate-meta-layouts":"set","ast-page-background-enabled":"default","ast-page-background-meta":{"desktop":{"background-color":"var(--ast-global-color-4)","background-image":"","background-repeat":"repeat","background-position":"center center","background-size":"auto","background-attachment":"scroll","background-type":"","background-media":"","overlay-type":"","overlay-color":"","overlay-opacity":"","overlay-gradient":""},"tablet":{"background-color":"","background-image":"","background-repeat":"repeat","background-position":"center center","background-size":"auto","background-attachment":"scroll","background-type":"","background-media":"","overlay-type":"","overlay-color":"","overlay-opacity":"","overlay-gradient":""},"mobile":{"background-color":"","background-image":"","background-repeat":"repeat","background-position":"center center","background-size":"auto","background-attachment":"scroll","background-type":"","background-media":"","overlay-type":"","overlay-color":"","overlay-opacity":"","overlay-gradient":""}},"ast-content-background-meta":{"desktop":{"background-color":"var(--ast-global-color-5)","background-image":"","background-repeat":"repeat","background-position":"center center","background-size":"auto","background-attachment":"scroll","background-type":"","background-media":"","overlay-type":"","overlay-color":"","overlay-opacity":"","overlay-gradient":""},"tablet":{"background-color":"var(--ast-global-color-5)","background-image":"","background-repeat":"repeat","background-position":"center center","background-size":"auto","background-attachment":"scroll","background-type":"","background-media":"","overlay-type":"","overlay-color":"","overlay-opacity":"","overlay-gradient":""},"mobile":{"background-color":"var(--ast-global-color-5)","background-image":"","background-repeat":"repeat","background-position":"center center","background-size":"auto","background-attachment":"scroll","background-type":"","background-media":"","overlay-type":"","overlay-color":"","overlay-opacity":"","overlay-gradient":""}}},"product_brand":[],"product_cat":[275,274,61],"product_tag":[84,102,69,68,110,101,100],"class_list":{"0":"post-381","1":"product","2":"type-product","3":"status-publish","4":"has-post-thumbnail","6":"writers-elske-rosenfeld","7":"writers-jyl-franzbecker","8":"writers-kerstin-meyer","9":"reihe-berliner-hefte","10":"product_cat-gesellschaft","11":"product_cat-politik","12":"product_cat-stadt","13":"product_tag-berlin","14":"product_tag-buergerbewegung","15":"product_tag-politics","16":"product_tag-city","17":"product_tag-stadtentwicklung","18":"product_tag-tempelhofer-feld","19":"product_tag-volksentscheid","20":"desktop-align-left","21":"tablet-align-left","22":"mobile-align-left","23":"ast-product-gallery-layout-horizontal-slider","24":"ast-magnify-disabled","25":"ast-product-single-variable","26":"ast-product-tabs-layout-horizontal","28":"first","29":"instock","30":"taxable","31":"shipping-taxable","32":"purchasable","33":"product-type-variable","34":"has-default-attributes"},"acf":[],"yoast_head":"<!-- This site is optimized with the Yoast SEO plugin v25.3 - https:\/\/yoast.com\/wordpress\/plugins\/seo\/ -->\n<title>Zur Verfassung. Recherchen, Dokumente 1989\u20132017 &#8211; EECLECTIC<\/title>\n<meta name=\"description\" content=\"1990 galt in Ost-Berlin f\u00fcr ein halbes Jahr eine Verfassung, die weitreichende politische B\u00fcrgerrechte enthielt und zur Volksgesetzgebung f\u00fchrte. Damit ist es in Berlin m\u00f6glich, Gesetze durch Volksentscheid und ohne das Parlament direkt zu beschlie\u00dfen.\" \/>\n<meta name=\"robots\" content=\"index, follow, max-snippet:-1, max-image-preview:large, max-video-preview:-1\" \/>\n<link rel=\"canonical\" href=\"https:\/\/eeclectic.de\/en\/produkt\/zur-verfassung\/\" \/>\n<meta property=\"og:locale\" content=\"en_US\" \/>\n<meta property=\"og:type\" content=\"article\" \/>\n<meta property=\"og:title\" content=\"Zur Verfassung. Recherchen, Dokumente 1989\u20132017 &#8211; EECLECTIC\" \/>\n<meta property=\"og:description\" content=\"1990 galt in Ost-Berlin f\u00fcr ein halbes Jahr eine Verfassung, die weitreichende politische B\u00fcrgerrechte enthielt und zur Volksgesetzgebung f\u00fchrte. Damit ist es in Berlin m\u00f6glich, Gesetze durch Volksentscheid und ohne das Parlament direkt zu beschlie\u00dfen.\" \/>\n<meta property=\"og:url\" content=\"https:\/\/eeclectic.de\/en\/produkt\/zur-verfassung\/\" \/>\n<meta property=\"og:site_name\" content=\"EECLECTIC\" \/>\n<meta property=\"article:modified_time\" content=\"2024-10-22T14:39:17+00:00\" \/>\n<meta property=\"og:image\" content=\"https:\/\/eeclectic.de\/wp-content\/uploads\/2018\/02\/coverberlinerhefte5.jpg\" \/>\n\t<meta property=\"og:image:width\" content=\"768\" \/>\n\t<meta property=\"og:image:height\" content=\"1084\" \/>\n\t<meta property=\"og:image:type\" content=\"image\/jpeg\" \/>\n<meta name=\"twitter:card\" content=\"summary_large_image\" \/>\n<meta name=\"twitter:label1\" content=\"Est. reading time\" \/>\n\t<meta name=\"twitter:data1\" content=\"1 minute\" \/>\n<script type=\"application\/ld+json\" class=\"yoast-schema-graph\">{\"@context\":\"https:\/\/schema.org\",\"@graph\":[{\"@type\":\"WebPage\",\"@id\":\"https:\/\/eeclectic.de\/en\/produkt\/zur-verfassung\/\",\"url\":\"https:\/\/eeclectic.de\/en\/produkt\/zur-verfassung\/\",\"name\":\"Zur Verfassung. Recherchen, Dokumente 1989\u20132017 &#8211; EECLECTIC\",\"isPartOf\":{\"@id\":\"https:\/\/eeclectic.de\/en\/#website\"},\"primaryImageOfPage\":{\"@id\":\"https:\/\/eeclectic.de\/en\/produkt\/zur-verfassung\/#primaryimage\"},\"image\":{\"@id\":\"https:\/\/eeclectic.de\/produkt\/zur-verfassung\/#primaryimage\"},\"thumbnailUrl\":\"https:\/\/eeclectic.de\/wp-content\/uploads\/2018\/02\/coverberlinerhefte5.jpg\",\"datePublished\":\"2018-06-01T15:57:29+00:00\",\"dateModified\":\"2024-10-22T14:39:17+00:00\",\"description\":\"1990 galt in Ost-Berlin f\u00fcr ein halbes Jahr eine Verfassung, die weitreichende politische B\u00fcrgerrechte enthielt und zur Volksgesetzgebung f\u00fchrte. Damit ist es in Berlin m\u00f6glich, Gesetze durch Volksentscheid und ohne das Parlament direkt zu beschlie\u00dfen.\",\"breadcrumb\":{\"@id\":\"https:\/\/eeclectic.de\/en\/produkt\/zur-verfassung\/#breadcrumb\"},\"inLanguage\":\"en-US\",\"potentialAction\":[{\"@type\":\"ReadAction\",\"target\":[[\"https:\/\/eeclectic.de\/en\/produkt\/zur-verfassung\/\"]]}]},{\"@type\":\"ImageObject\",\"inLanguage\":\"en-US\",\"@id\":\"https:\/\/eeclectic.de\/en\/produkt\/zur-verfassung\/#primaryimage\",\"url\":\"https:\/\/eeclectic.de\/wp-content\/uploads\/2018\/02\/coverberlinerhefte5.jpg\",\"contentUrl\":\"https:\/\/eeclectic.de\/wp-content\/uploads\/2018\/02\/coverberlinerhefte5.jpg\",\"width\":768,\"height\":1084,\"caption\":\"coverberlinerhefte5\"},{\"@type\":\"BreadcrumbList\",\"@id\":\"https:\/\/eeclectic.de\/en\/produkt\/zur-verfassung\/#breadcrumb\",\"itemListElement\":[{\"@type\":\"ListItem\",\"position\":1,\"name\":\"Home\",\"item\":\"https:\/\/eeclectic.de\/en\/\"},{\"@type\":\"ListItem\",\"position\":2,\"name\":\"Publikationen\",\"item\":\"https:\/\/eeclectic.de\/en\/publikationen\/\"},{\"@type\":\"ListItem\",\"position\":3,\"name\":\"Zur Verfassung. Recherchen, Dokumente 1989\u20132017\"}]},{\"@type\":\"WebSite\",\"@id\":\"https:\/\/eeclectic.de\/en\/#website\",\"url\":\"https:\/\/eeclectic.de\/en\/\",\"name\":\"EECLECTIC\",\"description\":\"Digital Publishing for Visual Culture\",\"publisher\":{\"@id\":\"https:\/\/eeclectic.de\/en\/#organization\"},\"potentialAction\":[{\"@type\":\"SearchAction\",\"target\":{\"@type\":\"EntryPoint\",\"urlTemplate\":\"https:\/\/eeclectic.de\/en\/?s={search_term_string}\"},\"query-input\":{\"@type\":\"PropertyValueSpecification\",\"valueRequired\":true,\"valueName\":\"search_term_string\"}}],\"inLanguage\":\"en-US\"},{\"@type\":\"Organization\",\"@id\":\"https:\/\/eeclectic.de\/en\/#organization\",\"name\":\"EECLECTIC\",\"url\":\"https:\/\/eeclectic.de\/en\/\",\"logo\":{\"@type\":\"ImageObject\",\"inLanguage\":\"en-US\",\"@id\":\"https:\/\/eeclectic.de\/en\/#\/schema\/logo\/image\/\",\"url\":\"https:\/\/eeclectic.de\/wp-content\/uploads\/2018\/03\/ee-logo.svg\",\"contentUrl\":\"https:\/\/eeclectic.de\/wp-content\/uploads\/2018\/03\/ee-logo.svg\",\"caption\":\"EECLECTIC\"},\"image\":{\"@id\":\"https:\/\/eeclectic.de\/en\/#\/schema\/logo\/image\/\"}}]}<\/script>\n<!-- \/ Yoast SEO plugin. -->","yoast_head_json":{"title":"Zur Verfassung. Recherchen, Dokumente 1989\u20132017 &#8211; EECLECTIC","description":"1990 galt in Ost-Berlin f\u00fcr ein halbes Jahr eine Verfassung, die weitreichende politische B\u00fcrgerrechte enthielt und zur Volksgesetzgebung f\u00fchrte. Damit ist es in Berlin m\u00f6glich, Gesetze durch Volksentscheid und ohne das Parlament direkt zu beschlie\u00dfen.","robots":{"index":"index","follow":"follow","max-snippet":"max-snippet:-1","max-image-preview":"max-image-preview:large","max-video-preview":"max-video-preview:-1"},"canonical":"https:\/\/eeclectic.de\/en\/produkt\/zur-verfassung\/","og_locale":"en_US","og_type":"article","og_title":"Zur Verfassung. Recherchen, Dokumente 1989\u20132017 &#8211; EECLECTIC","og_description":"1990 galt in Ost-Berlin f\u00fcr ein halbes Jahr eine Verfassung, die weitreichende politische B\u00fcrgerrechte enthielt und zur Volksgesetzgebung f\u00fchrte. Damit ist es in Berlin m\u00f6glich, Gesetze durch Volksentscheid und ohne das Parlament direkt zu beschlie\u00dfen.","og_url":"https:\/\/eeclectic.de\/en\/produkt\/zur-verfassung\/","og_site_name":"EECLECTIC","article_modified_time":"2024-10-22T14:39:17+00:00","og_image":[{"width":768,"height":1084,"url":"https:\/\/eeclectic.de\/wp-content\/uploads\/2018\/02\/coverberlinerhefte5.jpg","type":"image\/jpeg"}],"twitter_card":"summary_large_image","twitter_misc":{"Est. reading time":"1 minute"},"schema":{"@context":"https:\/\/schema.org","@graph":[{"@type":"WebPage","@id":"https:\/\/eeclectic.de\/en\/produkt\/zur-verfassung\/","url":"https:\/\/eeclectic.de\/en\/produkt\/zur-verfassung\/","name":"Zur Verfassung. Recherchen, Dokumente 1989\u20132017 &#8211; EECLECTIC","isPartOf":{"@id":"https:\/\/eeclectic.de\/en\/#website"},"primaryImageOfPage":{"@id":"https:\/\/eeclectic.de\/en\/produkt\/zur-verfassung\/#primaryimage"},"image":{"@id":"https:\/\/eeclectic.de\/produkt\/zur-verfassung\/#primaryimage"},"thumbnailUrl":"https:\/\/eeclectic.de\/wp-content\/uploads\/2018\/02\/coverberlinerhefte5.jpg","datePublished":"2018-06-01T15:57:29+00:00","dateModified":"2024-10-22T14:39:17+00:00","description":"1990 galt in Ost-Berlin f\u00fcr ein halbes Jahr eine Verfassung, die weitreichende politische B\u00fcrgerrechte enthielt und zur Volksgesetzgebung f\u00fchrte. Damit ist es in Berlin m\u00f6glich, Gesetze durch Volksentscheid und ohne das Parlament direkt zu beschlie\u00dfen.","breadcrumb":{"@id":"https:\/\/eeclectic.de\/en\/produkt\/zur-verfassung\/#breadcrumb"},"inLanguage":"en-US","potentialAction":[{"@type":"ReadAction","target":[["https:\/\/eeclectic.de\/en\/produkt\/zur-verfassung\/"]]}]},{"@type":"ImageObject","inLanguage":"en-US","@id":"https:\/\/eeclectic.de\/en\/produkt\/zur-verfassung\/#primaryimage","url":"https:\/\/eeclectic.de\/wp-content\/uploads\/2018\/02\/coverberlinerhefte5.jpg","contentUrl":"https:\/\/eeclectic.de\/wp-content\/uploads\/2018\/02\/coverberlinerhefte5.jpg","width":768,"height":1084,"caption":"coverberlinerhefte5"},{"@type":"BreadcrumbList","@id":"https:\/\/eeclectic.de\/en\/produkt\/zur-verfassung\/#breadcrumb","itemListElement":[{"@type":"ListItem","position":1,"name":"Home","item":"https:\/\/eeclectic.de\/en\/"},{"@type":"ListItem","position":2,"name":"Publikationen","item":"https:\/\/eeclectic.de\/en\/publikationen\/"},{"@type":"ListItem","position":3,"name":"Zur Verfassung. Recherchen, Dokumente 1989\u20132017"}]},{"@type":"WebSite","@id":"https:\/\/eeclectic.de\/en\/#website","url":"https:\/\/eeclectic.de\/en\/","name":"EECLECTIC","description":"Digital Publishing for Visual Culture","publisher":{"@id":"https:\/\/eeclectic.de\/en\/#organization"},"potentialAction":[{"@type":"SearchAction","target":{"@type":"EntryPoint","urlTemplate":"https:\/\/eeclectic.de\/en\/?s={search_term_string}"},"query-input":{"@type":"PropertyValueSpecification","valueRequired":true,"valueName":"search_term_string"}}],"inLanguage":"en-US"},{"@type":"Organization","@id":"https:\/\/eeclectic.de\/en\/#organization","name":"EECLECTIC","url":"https:\/\/eeclectic.de\/en\/","logo":{"@type":"ImageObject","inLanguage":"en-US","@id":"https:\/\/eeclectic.de\/en\/#\/schema\/logo\/image\/","url":"https:\/\/eeclectic.de\/wp-content\/uploads\/2018\/03\/ee-logo.svg","contentUrl":"https:\/\/eeclectic.de\/wp-content\/uploads\/2018\/03\/ee-logo.svg","caption":"EECLECTIC"},"image":{"@id":"https:\/\/eeclectic.de\/en\/#\/schema\/logo\/image\/"}}]}},"_links":{"self":[{"href":"https:\/\/eeclectic.de\/en\/wp-json\/wp\/v2\/product\/381","targetHints":{"allow":["GET"]}}],"collection":[{"href":"https:\/\/eeclectic.de\/en\/wp-json\/wp\/v2\/product"}],"about":[{"href":"https:\/\/eeclectic.de\/en\/wp-json\/wp\/v2\/types\/product"}],"wp:featuredmedia":[{"embeddable":true,"href":"https:\/\/eeclectic.de\/en\/wp-json\/wp\/v2\/media\/858"}],"wp:attachment":[{"href":"https:\/\/eeclectic.de\/en\/wp-json\/wp\/v2\/media?parent=381"}],"wp:term":[{"taxonomy":"product_brand","embeddable":true,"href":"https:\/\/eeclectic.de\/en\/wp-json\/wp\/v2\/product_brand?post=381"},{"taxonomy":"product_cat","embeddable":true,"href":"https:\/\/eeclectic.de\/en\/wp-json\/wp\/v2\/product_cat?post=381"},{"taxonomy":"product_tag","embeddable":true,"href":"https:\/\/eeclectic.de\/en\/wp-json\/wp\/v2\/product_tag?post=381"}],"curies":[{"name":"wp","href":"https:\/\/api.w.org\/{rel}","templated":true}]}}